{"id":4360,"date":"2022-01-27T02:44:58","date_gmt":"2022-01-27T02:44:58","guid":{"rendered":"https:\/\/anjaliesa.com\/shop\/christian-louboutin-pinupina-130\/"},"modified":"2022-01-27T02:44:58","modified_gmt":"2022-01-27T02:44:58","slug":"christian-louboutin-pinupina-130","status":"publish","type":"product","link":"https:\/\/anjaliesa.com\/de\/shop\/christian-louboutin-pinupina-130\/","title":{"rendered":"Christian Louboutin Pinupina 130"},"content":{"rendered":"","protected":false},"excerpt":{"rendered":"<p>Die sehr elegante Pinupina-Pumpe zeichnet sich durch ihre raffinierte Linienf\u00fchrung aus. Dieses Modell hat einen 130 mm hohen Absatz und ist aus schwarzem Kalbslackleder gefertigt. Der farbenfrohe Aufdruck an der Seite ist vom Thema Pin-up inspiriert und zeugt vom kreativen Savoir-faire der Maison Christian Louboutin. Das kontrastierende, charakteristische rote Futter und das asymmetrische Design unterstreichen den raffinierten Stil.<\/p>\n<div>Illustrationen und Drucke, die der K\u00fcnstler Doctor Bored exklusiv f\u00fcr Christian Louboutin geschaffen hat<\/div>\n<div><\/div>\n<div>Limitierte Auflage, dieses Produkt ist ausverkauft. Nur auf Wiederverk\u00e4ufer-Marktpl\u00e4tzen verf\u00fcgbar.<\/div>\n<div><\/div>\n<div>Sehen Sie sich meine <a href=\"https:\/\/anjaliesa.com\/complete-christian-louboutin-size-guide\/\">Louboutin-Gr\u00f6\u00dfenliste<\/a> an, bevor Sie rote Sohlen kaufen.<\/div>\n<div><\/div>\n<div><\/div>\n","protected":false},"featured_media":4041,"template":"","meta":[],"product_brand":[],"product_cat":[120],"product_tag":[109],"class_list":{"0":"post-4360","1":"product","2":"type-product","3":"status-publish","4":"has-post-thumbnail","6":"product_cat-vergangene-saisons-am-meisten-geliebt","7":"product_tag-christian-louboutin-de","9":"first","10":"instock","11":"shipping-taxable","12":"product-type-external"},"yoast_head":"<!-- This site is optimized with the Yoast SEO plugin v27.3 - https:\/\/yoast.com\/product\/yoast-seo-wordpress\/ -->\n<title>Christian Louboutin Pinupina 130 - Anja Liesa<\/title>\n<meta name=\"robots\" content=\"index, follow, max-snippet:-1, max-image-preview:large, max-video-preview:-1\" \/>\n<link rel=\"canonical\" href=\"https:\/\/anjaliesa.com\/de\/shop\/christian-louboutin-pinupina-130\/\" \/>\n<meta property=\"og:locale\" content=\"de_DE\" \/>\n<meta property=\"og:type\" content=\"article\" \/>\n<meta property=\"og:title\" content=\"Christian Louboutin Pinupina 130 - Anja Liesa\" \/>\n<meta property=\"og:description\" content=\"Die sehr elegante Pinupina-Pumpe zeichnet sich durch ihre raffinierte Linienf\u00fchrung aus. Dieses Modell hat einen 130 mm hohen Absatz und ist aus schwarzem Kalbslackleder gefertigt. Der farbenfrohe Aufdruck an der Seite ist vom Thema Pin-up inspiriert und zeugt vom kreativen Savoir-faire der Maison Christian Louboutin. Das kontrastierende, charakteristische rote Futter und das asymmetrische Design unterstreichen den raffinierten Stil. Illustrationen und Drucke, die der K\u00fcnstler Doctor Bored exklusiv f\u00fcr Christian Louboutin geschaffen hat Limitierte Auflage, dieses Produkt ist ausverkauft. Nur auf Wiederverk\u00e4ufer-Marktpl\u00e4tzen verf\u00fcgbar. Sehen Sie sich meine Louboutin-Gr\u00f6\u00dfenliste an, bevor Sie rote Sohlen kaufen.\" \/>\n<meta property=\"og:url\" content=\"https:\/\/anjaliesa.com\/de\/shop\/christian-louboutin-pinupina-130\/\" \/>\n<meta property=\"og:site_name\" content=\"Anja Liesa\" \/>\n<meta property=\"og:image\" content=\"https:\/\/anjaliesa.com\/wp-content\/uploads\/2022\/01\/product-image-5.jpg\" \/>\n\t<meta property=\"og:image:width\" content=\"2310\" \/>\n\t<meta property=\"og:image:height\" content=\"2560\" \/>\n\t<meta property=\"og:image:type\" content=\"image\/jpeg\" \/>\n<meta name=\"twitter:card\" content=\"summary_large_image\" \/>\n<script type=\"application\/ld+json\" class=\"yoast-schema-graph\">{\"@context\":\"https:\\\/\\\/schema.org\",\"@graph\":[{\"@type\":\"WebPage\",\"@id\":\"https:\\\/\\\/anjaliesa.com\\\/de\\\/shop\\\/christian-louboutin-pinupina-130\\\/\",\"url\":\"https:\\\/\\\/anjaliesa.com\\\/de\\\/shop\\\/christian-louboutin-pinupina-130\\\/\",\"name\":\"Christian Louboutin Pinupina 130 - Anja Liesa\",\"isPartOf\":{\"@id\":\"https:\\\/\\\/anjaliesa.com\\\/de\\\/#website\"},\"primaryImageOfPage\":{\"@id\":\"https:\\\/\\\/anjaliesa.com\\\/de\\\/shop\\\/christian-louboutin-pinupina-130\\\/#primaryimage\"},\"image\":{\"@id\":\"https:\\\/\\\/anjaliesa.com\\\/de\\\/shop\\\/christian-louboutin-pinupina-130\\\/#primaryimage\"},\"thumbnailUrl\":\"https:\\\/\\\/anjaliesa.com\\\/wp-content\\\/uploads\\\/2022\\\/01\\\/product-image-5.jpg\",\"datePublished\":\"2022-01-27T02:44:58+00:00\",\"breadcrumb\":{\"@id\":\"https:\\\/\\\/anjaliesa.com\\\/de\\\/shop\\\/christian-louboutin-pinupina-130\\\/#breadcrumb\"},\"inLanguage\":\"de\",\"potentialAction\":[{\"@type\":\"ReadAction\",\"target\":[\"https:\\\/\\\/anjaliesa.com\\\/de\\\/shop\\\/christian-louboutin-pinupina-130\\\/\"]}]},{\"@type\":\"ImageObject\",\"inLanguage\":\"de\",\"@id\":\"https:\\\/\\\/anjaliesa.com\\\/de\\\/shop\\\/christian-louboutin-pinupina-130\\\/#primaryimage\",\"url\":\"https:\\\/\\\/anjaliesa.com\\\/wp-content\\\/uploads\\\/2022\\\/01\\\/product-image-5.jpg\",\"contentUrl\":\"https:\\\/\\\/anjaliesa.com\\\/wp-content\\\/uploads\\\/2022\\\/01\\\/product-image-5.jpg\",\"width\":2310,\"height\":2560,\"caption\":\"Louboutin Pinupina 130\"},{\"@type\":\"BreadcrumbList\",\"@id\":\"https:\\\/\\\/anjaliesa.com\\\/de\\\/shop\\\/christian-louboutin-pinupina-130\\\/#breadcrumb\",\"itemListElement\":[{\"@type\":\"ListItem\",\"position\":1,\"name\":\"Home\",\"item\":\"https:\\\/\\\/anjaliesa.com\\\/de\\\/anja-liesa\\\/\"},{\"@type\":\"ListItem\",\"position\":2,\"name\":\"Shop\",\"item\":\"https:\\\/\\\/anjaliesa.com\\\/de\\\/shop-2\\\/\"},{\"@type\":\"ListItem\",\"position\":3,\"name\":\"Christian Louboutin Pinupina 130\"}]},{\"@type\":\"WebSite\",\"@id\":\"https:\\\/\\\/anjaliesa.com\\\/de\\\/#website\",\"url\":\"https:\\\/\\\/anjaliesa.com\\\/de\\\/\",\"name\":\"Anja Liesa\",\"description\":\"\",\"publisher\":{\"@id\":\"https:\\\/\\\/anjaliesa.com\\\/de\\\/#\\\/schema\\\/person\\\/84b62af248ed91fb287e5e99bd6e6857\"},\"potentialAction\":[{\"@type\":\"SearchAction\",\"target\":{\"@type\":\"EntryPoint\",\"urlTemplate\":\"https:\\\/\\\/anjaliesa.com\\\/de\\\/?s={search_term_string}\"},\"query-input\":{\"@type\":\"PropertyValueSpecification\",\"valueRequired\":true,\"valueName\":\"search_term_string\"}}],\"inLanguage\":\"de\"},{\"@type\":[\"Person\",\"Organization\"],\"@id\":\"https:\\\/\\\/anjaliesa.com\\\/de\\\/#\\\/schema\\\/person\\\/84b62af248ed91fb287e5e99bd6e6857\",\"name\":\"Anja Liesa\",\"image\":{\"@type\":\"ImageObject\",\"inLanguage\":\"de\",\"@id\":\"https:\\\/\\\/anjaliesa.com\\\/wp-content\\\/uploads\\\/2022\\\/01\\\/category-portfolio-pages-3.jpg\",\"url\":\"https:\\\/\\\/anjaliesa.com\\\/wp-content\\\/uploads\\\/2022\\\/01\\\/category-portfolio-pages-3.jpg\",\"contentUrl\":\"https:\\\/\\\/anjaliesa.com\\\/wp-content\\\/uploads\\\/2022\\\/01\\\/category-portfolio-pages-3.jpg\",\"width\":2300,\"height\":1600,\"caption\":\"Anja Liesa\"},\"logo\":{\"@id\":\"https:\\\/\\\/anjaliesa.com\\\/wp-content\\\/uploads\\\/2022\\\/01\\\/category-portfolio-pages-3.jpg\"},\"description\":\"I am a shoe collector with a genuine passion for all things fashion. I am active on most social media platforms reviewing the latest collections from designer heels brands as well as sharing styling tips for the perfect high heel outfits. My mission is to share my experience buying and wearing designer heels, I hope you find my recommendations useful to select the perfect heels for every occasion. I have a 300+ designer heels collection featuring the most exclusive luxury brands with the likes of Christian Louboutin, Casadei, Giuseppe Zanotti, YSL, Le Silla, Valentino and many more. When I am not busy buying new shoes I enjoy travelling, exploring new cuisines, cities and relaxing holiday retreats.\",\"sameAs\":[\"https:\\\/\\\/anjaliesa.com\",\"https:\\\/\\\/instagram.com\\\/anjaliesa\",\"https:\\\/\\\/www.youtube.com\\\/channel\\\/UCeqqahp3ZToz9mp8pma-ohg\"]}]}<\/script>\n<!-- \/ Yoast SEO plugin. -->","yoast_head_json":{"title":"Christian Louboutin Pinupina 130 - Anja Liesa","robots":{"index":"index","follow":"follow","max-snippet":"max-snippet:-1","max-image-preview":"max-image-preview:large","max-video-preview":"max-video-preview:-1"},"canonical":"https:\/\/anjaliesa.com\/de\/shop\/christian-louboutin-pinupina-130\/","og_locale":"de_DE","og_type":"article","og_title":"Christian Louboutin Pinupina 130 - Anja Liesa","og_description":"Die sehr elegante Pinupina-Pumpe zeichnet sich durch ihre raffinierte Linienf\u00fchrung aus. Dieses Modell hat einen 130 mm hohen Absatz und ist aus schwarzem Kalbslackleder gefertigt. Der farbenfrohe Aufdruck an der Seite ist vom Thema Pin-up inspiriert und zeugt vom kreativen Savoir-faire der Maison Christian Louboutin. Das kontrastierende, charakteristische rote Futter und das asymmetrische Design unterstreichen den raffinierten Stil. Illustrationen und Drucke, die der K\u00fcnstler Doctor Bored exklusiv f\u00fcr Christian Louboutin geschaffen hat Limitierte Auflage, dieses Produkt ist ausverkauft. Nur auf Wiederverk\u00e4ufer-Marktpl\u00e4tzen verf\u00fcgbar. Sehen Sie sich meine Louboutin-Gr\u00f6\u00dfenliste an, bevor Sie rote Sohlen kaufen.","og_url":"https:\/\/anjaliesa.com\/de\/shop\/christian-louboutin-pinupina-130\/","og_site_name":"Anja Liesa","og_image":[{"width":2310,"height":2560,"url":"https:\/\/anjaliesa.com\/wp-content\/uploads\/2022\/01\/product-image-5.jpg","type":"image\/jpeg"}],"twitter_card":"summary_large_image","schema":{"@context":"https:\/\/schema.org","@graph":[{"@type":"WebPage","@id":"https:\/\/anjaliesa.com\/de\/shop\/christian-louboutin-pinupina-130\/","url":"https:\/\/anjaliesa.com\/de\/shop\/christian-louboutin-pinupina-130\/","name":"Christian Louboutin Pinupina 130 - Anja Liesa","isPartOf":{"@id":"https:\/\/anjaliesa.com\/de\/#website"},"primaryImageOfPage":{"@id":"https:\/\/anjaliesa.com\/de\/shop\/christian-louboutin-pinupina-130\/#primaryimage"},"image":{"@id":"https:\/\/anjaliesa.com\/de\/shop\/christian-louboutin-pinupina-130\/#primaryimage"},"thumbnailUrl":"https:\/\/anjaliesa.com\/wp-content\/uploads\/2022\/01\/product-image-5.jpg","datePublished":"2022-01-27T02:44:58+00:00","breadcrumb":{"@id":"https:\/\/anjaliesa.com\/de\/shop\/christian-louboutin-pinupina-130\/#breadcrumb"},"inLanguage":"de","potentialAction":[{"@type":"ReadAction","target":["https:\/\/anjaliesa.com\/de\/shop\/christian-louboutin-pinupina-130\/"]}]},{"@type":"ImageObject","inLanguage":"de","@id":"https:\/\/anjaliesa.com\/de\/shop\/christian-louboutin-pinupina-130\/#primaryimage","url":"https:\/\/anjaliesa.com\/wp-content\/uploads\/2022\/01\/product-image-5.jpg","contentUrl":"https:\/\/anjaliesa.com\/wp-content\/uploads\/2022\/01\/product-image-5.jpg","width":2310,"height":2560,"caption":"Louboutin Pinupina 130"},{"@type":"BreadcrumbList","@id":"https:\/\/anjaliesa.com\/de\/shop\/christian-louboutin-pinupina-130\/#breadcrumb","itemListElement":[{"@type":"ListItem","position":1,"name":"Home","item":"https:\/\/anjaliesa.com\/de\/anja-liesa\/"},{"@type":"ListItem","position":2,"name":"Shop","item":"https:\/\/anjaliesa.com\/de\/shop-2\/"},{"@type":"ListItem","position":3,"name":"Christian Louboutin Pinupina 130"}]},{"@type":"WebSite","@id":"https:\/\/anjaliesa.com\/de\/#website","url":"https:\/\/anjaliesa.com\/de\/","name":"Anja Liesa","description":"","publisher":{"@id":"https:\/\/anjaliesa.com\/de\/#\/schema\/person\/84b62af248ed91fb287e5e99bd6e6857"},"potentialAction":[{"@type":"SearchAction","target":{"@type":"EntryPoint","urlTemplate":"https:\/\/anjaliesa.com\/de\/?s={search_term_string}"},"query-input":{"@type":"PropertyValueSpecification","valueRequired":true,"valueName":"search_term_string"}}],"inLanguage":"de"},{"@type":["Person","Organization"],"@id":"https:\/\/anjaliesa.com\/de\/#\/schema\/person\/84b62af248ed91fb287e5e99bd6e6857","name":"Anja Liesa","image":{"@type":"ImageObject","inLanguage":"de","@id":"https:\/\/anjaliesa.com\/wp-content\/uploads\/2022\/01\/category-portfolio-pages-3.jpg","url":"https:\/\/anjaliesa.com\/wp-content\/uploads\/2022\/01\/category-portfolio-pages-3.jpg","contentUrl":"https:\/\/anjaliesa.com\/wp-content\/uploads\/2022\/01\/category-portfolio-pages-3.jpg","width":2300,"height":1600,"caption":"Anja Liesa"},"logo":{"@id":"https:\/\/anjaliesa.com\/wp-content\/uploads\/2022\/01\/category-portfolio-pages-3.jpg"},"description":"I am a shoe collector with a genuine passion for all things fashion. I am active on most social media platforms reviewing the latest collections from designer heels brands as well as sharing styling tips for the perfect high heel outfits. My mission is to share my experience buying and wearing designer heels, I hope you find my recommendations useful to select the perfect heels for every occasion. I have a 300+ designer heels collection featuring the most exclusive luxury brands with the likes of Christian Louboutin, Casadei, Giuseppe Zanotti, YSL, Le Silla, Valentino and many more. When I am not busy buying new shoes I enjoy travelling, exploring new cuisines, cities and relaxing holiday retreats.","sameAs":["https:\/\/anjaliesa.com","https:\/\/instagram.com\/anjaliesa","https:\/\/www.youtube.com\/channel\/UCeqqahp3ZToz9mp8pma-ohg"]}]}},"_links":{"self":[{"href":"https:\/\/anjaliesa.com\/de\/wp-json\/wp\/v2\/product\/4360","targetHints":{"allow":["GET"]}}],"collection":[{"href":"https:\/\/anjaliesa.com\/de\/wp-json\/wp\/v2\/product"}],"about":[{"href":"https:\/\/anjaliesa.com\/de\/wp-json\/wp\/v2\/types\/product"}],"wp:featuredmedia":[{"embeddable":true,"href":"https:\/\/anjaliesa.com\/de\/wp-json\/wp\/v2\/media\/4041"}],"wp:attachment":[{"href":"https:\/\/anjaliesa.com\/de\/wp-json\/wp\/v2\/media?parent=4360"}],"wp:term":[{"taxonomy":"product_brand","embeddable":true,"href":"https:\/\/anjaliesa.com\/de\/wp-json\/wp\/v2\/product_brand?post=4360"},{"taxonomy":"product_cat","embeddable":true,"href":"https:\/\/anjaliesa.com\/de\/wp-json\/wp\/v2\/product_cat?post=4360"},{"taxonomy":"product_tag","embeddable":true,"href":"https:\/\/anjaliesa.com\/de\/wp-json\/wp\/v2\/product_tag?post=4360"}],"curies":[{"name":"wp","href":"https:\/\/api.w.org\/{rel}","templated":true}]}}