{"id":4359,"date":"2022-01-29T00:04:04","date_gmt":"2022-01-29T00:04:04","guid":{"rendered":"https:\/\/anjaliesa.com\/shop\/sole-guard-sohlenschutz-fuer-christian-louboutin\/"},"modified":"2022-01-29T00:04:04","modified_gmt":"2022-01-29T00:04:04","slug":"sole-guard-sohlenschutz-fuer-christian-louboutin","status":"publish","type":"product","link":"https:\/\/anjaliesa.com\/de\/shop\/sole-guard-sohlenschutz-fuer-christian-louboutin\/","title":{"rendered":"Sole Guard Sohlenschutz f\u00fcr Christian Louboutin"},"content":{"rendered":"","protected":false},"excerpt":{"rendered":"<p>          <span class=\"a-list-item\">\u2714\ufe0f CLEAR PROTECTION: Sch\u00fctzen Sie Ihre Schuhsohle vor Besch\u00e4digungen mit einer hochwertigen kristallklaren, d\u00fcnnen gummierten Schicht auf dem Bereich der Sohle, der mit dem Boden in Ber\u00fchrung kommt. Der \u00dcberzug ist gummiert, so dass er mehr wie ein Tennisschuh greift und nicht wie der typische glatte Boden der meisten Abs\u00e4tze. Der Gummi ist so weich, dass er keine Kratzer auf dem Boden hinterl\u00e4sst, ist aber auch widerstandsf\u00e4hig gegen die meisten \u00d6le und anderen Chemikalien.<\/span><\/p>\n<p>          <span class=\"a-list-item\">\u2714\ufe0f EASY APPLICATION &amp; INSTANT TRACTION: Selbstklebendes Design, das sich leicht auf die Form jedes Schuhs in jeder Gr\u00f6\u00dfe zuschneiden l\u00e4sst, einfach reinigen, die individuelle Passform Ihrer Sohlen nachzeichnen, ausschneiden und anbringen. Sorgt f\u00fcr Grip, Traktion und Anti-Rutsch-Funktion auf glatten Schuhsohlen.<\/span><\/p>\n<p>          <span class=\"a-list-item\">\u2714\ufe0f EXTRA GROSSE GR\u00d6SSE: 3 PAARE, jedes mit den Ma\u00dfen 6 x 4 Zoll (15 x 10,2 cm): Eine gro\u00dfz\u00fcgige Menge an Material ist vorhanden, um jede Schuhgr\u00f6\u00dfe oder -form abzudecken. Zeichnen Sie einfach die Form Ihres Schuhs nach und schneiden Sie ihn zu. Wir empfehlen, mit einer etwas gr\u00f6\u00dferen Gr\u00f6\u00dfe zu beginnen und dann auf die richtige Gr\u00f6\u00dfe zuzuschneiden.<\/span><\/p>\n<p>          <span class=\"a-list-item\">\u2714\ufe0f KEINE KLEBENDEN R\u00dcCKST\u00c4NDE : Dieses hochwertige 3M-Material l\u00e4sst sich r\u00fcckstandsfrei entfernen und hinterl\u00e4sst keine R\u00fcckst\u00e4nde. Er ist kristallklar, unsichtbar f\u00fcr das Auge und perfekt f\u00fcr Fotos.<\/span><\/p>\n<p>          <span class=\"a-list-item\">\u2714\ufe0f VERTRAUEN SIE DER F\u00dcHRENDEN MARKE: Solemates ist die in den USA hergestellte, von Frauen gegr\u00fcndete und von Frauen gef\u00fchrte (Louboutin liebende) Marke. Sole Guard eignet sich am besten f\u00fcr alle Schuhe mit glattem Boden (Pumps, Stilettos, Stiefel, Peep-Toe-Schuhe, flache Schuhe, Slipper, Sandalen usw.) und deckt bereits vorhandene Sch\u00e4den oder Unebenheiten an der Sohle ab.<\/span><\/p>\n","protected":false},"featured_media":4048,"template":"","meta":[],"product_brand":[],"product_cat":[113],"product_tag":[117,103],"class_list":{"0":"post-4359","1":"product","2":"type-product","3":"status-publish","4":"has-post-thumbnail","6":"product_cat-high-heels-pflege-komfort","7":"product_tag-so-kate-featured-de","8":"product_tag-vorgestellt","10":"first","11":"instock","12":"shipping-taxable","13":"product-type-external"},"yoast_head":"<!-- This site is optimized with the Yoast SEO plugin v27.3 - https:\/\/yoast.com\/product\/yoast-seo-wordpress\/ -->\n<title>Sole Guard Sohlenschutz f\u00fcr Christian Louboutin - Anja Liesa<\/title>\n<meta name=\"robots\" content=\"index, follow, max-snippet:-1, max-image-preview:large, max-video-preview:-1\" \/>\n<link rel=\"canonical\" href=\"https:\/\/anjaliesa.com\/de\/shop\/sole-guard-sohlenschutz-fuer-christian-louboutin\/\" \/>\n<meta property=\"og:locale\" content=\"de_DE\" \/>\n<meta property=\"og:type\" content=\"article\" \/>\n<meta property=\"og:title\" content=\"Sole Guard Sohlenschutz f\u00fcr Christian Louboutin - Anja Liesa\" \/>\n<meta property=\"og:description\" content=\"\u2714\ufe0f CLEAR PROTECTION: Sch\u00fctzen Sie Ihre Schuhsohle vor Besch\u00e4digungen mit einer hochwertigen kristallklaren, d\u00fcnnen gummierten Schicht auf dem Bereich der Sohle, der mit dem Boden in Ber\u00fchrung kommt. Der \u00dcberzug ist gummiert, so dass er mehr wie ein Tennisschuh greift und nicht wie der typische glatte Boden der meisten Abs\u00e4tze. Der Gummi ist so weich, dass er keine Kratzer auf dem Boden hinterl\u00e4sst, ist aber auch widerstandsf\u00e4hig gegen die meisten \u00d6le und anderen Chemikalien.                  \u2714\ufe0f EASY APPLICATION &amp; INSTANT TRACTION: Selbstklebendes Design, das sich leicht auf die Form jedes Schuhs in jeder Gr\u00f6\u00dfe zuschneiden l\u00e4sst, einfach reinigen, die individuelle Passform Ihrer Sohlen nachzeichnen, ausschneiden und anbringen. Sorgt f\u00fcr Grip, Traktion und Anti-Rutsch-Funktion auf glatten Schuhsohlen.                  \u2714\ufe0f EXTRA GROSSE GR\u00d6SSE: 3 PAARE, jedes mit den Ma\u00dfen 6 x 4 Zoll (15 x 10,2 cm): Eine gro\u00dfz\u00fcgige Menge an Material ist vorhanden, um jede Schuhgr\u00f6\u00dfe oder -form abzudecken. Zeichnen Sie einfach die Form Ihres Schuhs nach und schneiden Sie ihn zu. Wir empfehlen, mit einer etwas gr\u00f6\u00dferen Gr\u00f6\u00dfe zu beginnen und dann auf die richtige Gr\u00f6\u00dfe zuzuschneiden.                  \u2714\ufe0f KEINE KLEBENDEN R\u00dcCKST\u00c4NDE : Dieses hochwertige 3M-Material l\u00e4sst sich r\u00fcckstandsfrei entfernen und hinterl\u00e4sst keine R\u00fcckst\u00e4nde. Er ist kristallklar, unsichtbar f\u00fcr das Auge und perfekt f\u00fcr Fotos.                  \u2714\ufe0f VERTRAUEN SIE DER F\u00dcHRENDEN MARKE: Solemates ist die in den USA hergestellte, von Frauen gegr\u00fcndete und von Frauen gef\u00fchrte (Louboutin liebende) Marke. Sole Guard eignet sich am besten f\u00fcr alle Schuhe mit glattem Boden (Pumps, Stilettos, Stiefel, Peep-Toe-Schuhe, flache Schuhe, Slipper, Sandalen usw.) und deckt bereits vorhandene Sch\u00e4den oder Unebenheiten an der Sohle ab.\" \/>\n<meta property=\"og:url\" content=\"https:\/\/anjaliesa.com\/de\/shop\/sole-guard-sohlenschutz-fuer-christian-louboutin\/\" \/>\n<meta property=\"og:site_name\" content=\"Anja Liesa\" \/>\n<meta property=\"og:image\" content=\"https:\/\/anjaliesa.com\/wp-content\/uploads\/2022\/01\/category-portfolio-pages.jpg\" \/>\n\t<meta property=\"og:image:width\" content=\"2300\" \/>\n\t<meta property=\"og:image:height\" content=\"1600\" \/>\n\t<meta property=\"og:image:type\" content=\"image\/jpeg\" \/>\n<meta name=\"twitter:card\" content=\"summary_large_image\" \/>\n<script type=\"application\/ld+json\" class=\"yoast-schema-graph\">{\"@context\":\"https:\\\/\\\/schema.org\",\"@graph\":[{\"@type\":\"WebPage\",\"@id\":\"https:\\\/\\\/anjaliesa.com\\\/de\\\/shop\\\/sole-guard-sohlenschutz-fuer-christian-louboutin\\\/\",\"url\":\"https:\\\/\\\/anjaliesa.com\\\/de\\\/shop\\\/sole-guard-sohlenschutz-fuer-christian-louboutin\\\/\",\"name\":\"Sole Guard Sohlenschutz f\u00fcr Christian Louboutin - Anja Liesa\",\"isPartOf\":{\"@id\":\"https:\\\/\\\/anjaliesa.com\\\/de\\\/#website\"},\"primaryImageOfPage\":{\"@id\":\"https:\\\/\\\/anjaliesa.com\\\/de\\\/shop\\\/sole-guard-sohlenschutz-fuer-christian-louboutin\\\/#primaryimage\"},\"image\":{\"@id\":\"https:\\\/\\\/anjaliesa.com\\\/de\\\/shop\\\/sole-guard-sohlenschutz-fuer-christian-louboutin\\\/#primaryimage\"},\"thumbnailUrl\":\"https:\\\/\\\/anjaliesa.com\\\/wp-content\\\/uploads\\\/2022\\\/01\\\/product-image-6.jpg\",\"datePublished\":\"2022-01-29T00:04:04+00:00\",\"breadcrumb\":{\"@id\":\"https:\\\/\\\/anjaliesa.com\\\/de\\\/shop\\\/sole-guard-sohlenschutz-fuer-christian-louboutin\\\/#breadcrumb\"},\"inLanguage\":\"de\",\"potentialAction\":[{\"@type\":\"ReadAction\",\"target\":[\"https:\\\/\\\/anjaliesa.com\\\/de\\\/shop\\\/sole-guard-sohlenschutz-fuer-christian-louboutin\\\/\"]}]},{\"@type\":\"ImageObject\",\"inLanguage\":\"de\",\"@id\":\"https:\\\/\\\/anjaliesa.com\\\/de\\\/shop\\\/sole-guard-sohlenschutz-fuer-christian-louboutin\\\/#primaryimage\",\"url\":\"https:\\\/\\\/anjaliesa.com\\\/wp-content\\\/uploads\\\/2022\\\/01\\\/product-image-6.jpg\",\"contentUrl\":\"https:\\\/\\\/anjaliesa.com\\\/wp-content\\\/uploads\\\/2022\\\/01\\\/product-image-6.jpg\",\"width\":2310,\"height\":2560,\"caption\":\"Sohlenschutz f\u00fcr Christian Louboutin\"},{\"@type\":\"BreadcrumbList\",\"@id\":\"https:\\\/\\\/anjaliesa.com\\\/de\\\/shop\\\/sole-guard-sohlenschutz-fuer-christian-louboutin\\\/#breadcrumb\",\"itemListElement\":[{\"@type\":\"ListItem\",\"position\":1,\"name\":\"Home\",\"item\":\"https:\\\/\\\/anjaliesa.com\\\/de\\\/anja-liesa\\\/\"},{\"@type\":\"ListItem\",\"position\":2,\"name\":\"Shop\",\"item\":\"https:\\\/\\\/anjaliesa.com\\\/de\\\/shop-2\\\/\"},{\"@type\":\"ListItem\",\"position\":3,\"name\":\"Sole Guard Sohlenschutz f\u00fcr Christian Louboutin\"}]},{\"@type\":\"WebSite\",\"@id\":\"https:\\\/\\\/anjaliesa.com\\\/de\\\/#website\",\"url\":\"https:\\\/\\\/anjaliesa.com\\\/de\\\/\",\"name\":\"Anja Liesa\",\"description\":\"\",\"publisher\":{\"@id\":\"https:\\\/\\\/anjaliesa.com\\\/de\\\/#\\\/schema\\\/person\\\/84b62af248ed91fb287e5e99bd6e6857\"},\"potentialAction\":[{\"@type\":\"SearchAction\",\"target\":{\"@type\":\"EntryPoint\",\"urlTemplate\":\"https:\\\/\\\/anjaliesa.com\\\/de\\\/?s={search_term_string}\"},\"query-input\":{\"@type\":\"PropertyValueSpecification\",\"valueRequired\":true,\"valueName\":\"search_term_string\"}}],\"inLanguage\":\"de\"},{\"@type\":[\"Person\",\"Organization\"],\"@id\":\"https:\\\/\\\/anjaliesa.com\\\/de\\\/#\\\/schema\\\/person\\\/84b62af248ed91fb287e5e99bd6e6857\",\"name\":\"Anja Liesa\",\"image\":{\"@type\":\"ImageObject\",\"inLanguage\":\"de\",\"@id\":\"https:\\\/\\\/anjaliesa.com\\\/wp-content\\\/uploads\\\/2022\\\/01\\\/category-portfolio-pages-3.jpg\",\"url\":\"https:\\\/\\\/anjaliesa.com\\\/wp-content\\\/uploads\\\/2022\\\/01\\\/category-portfolio-pages-3.jpg\",\"contentUrl\":\"https:\\\/\\\/anjaliesa.com\\\/wp-content\\\/uploads\\\/2022\\\/01\\\/category-portfolio-pages-3.jpg\",\"width\":2300,\"height\":1600,\"caption\":\"Anja Liesa\"},\"logo\":{\"@id\":\"https:\\\/\\\/anjaliesa.com\\\/wp-content\\\/uploads\\\/2022\\\/01\\\/category-portfolio-pages-3.jpg\"},\"description\":\"I am a shoe collector with a genuine passion for all things fashion. I am active on most social media platforms reviewing the latest collections from designer heels brands as well as sharing styling tips for the perfect high heel outfits. My mission is to share my experience buying and wearing designer heels, I hope you find my recommendations useful to select the perfect heels for every occasion. I have a 300+ designer heels collection featuring the most exclusive luxury brands with the likes of Christian Louboutin, Casadei, Giuseppe Zanotti, YSL, Le Silla, Valentino and many more. When I am not busy buying new shoes I enjoy travelling, exploring new cuisines, cities and relaxing holiday retreats.\",\"sameAs\":[\"https:\\\/\\\/anjaliesa.com\",\"https:\\\/\\\/instagram.com\\\/anjaliesa\",\"https:\\\/\\\/www.youtube.com\\\/channel\\\/UCeqqahp3ZToz9mp8pma-ohg\"]}]}<\/script>\n<!-- \/ Yoast SEO plugin. -->","yoast_head_json":{"title":"Sole Guard Sohlenschutz f\u00fcr Christian Louboutin - Anja Liesa","robots":{"index":"index","follow":"follow","max-snippet":"max-snippet:-1","max-image-preview":"max-image-preview:large","max-video-preview":"max-video-preview:-1"},"canonical":"https:\/\/anjaliesa.com\/de\/shop\/sole-guard-sohlenschutz-fuer-christian-louboutin\/","og_locale":"de_DE","og_type":"article","og_title":"Sole Guard Sohlenschutz f\u00fcr Christian Louboutin - Anja Liesa","og_description":"\u2714\ufe0f CLEAR PROTECTION: Sch\u00fctzen Sie Ihre Schuhsohle vor Besch\u00e4digungen mit einer hochwertigen kristallklaren, d\u00fcnnen gummierten Schicht auf dem Bereich der Sohle, der mit dem Boden in Ber\u00fchrung kommt. Der \u00dcberzug ist gummiert, so dass er mehr wie ein Tennisschuh greift und nicht wie der typische glatte Boden der meisten Abs\u00e4tze. Der Gummi ist so weich, dass er keine Kratzer auf dem Boden hinterl\u00e4sst, ist aber auch widerstandsf\u00e4hig gegen die meisten \u00d6le und anderen Chemikalien.                  \u2714\ufe0f EASY APPLICATION &amp; INSTANT TRACTION: Selbstklebendes Design, das sich leicht auf die Form jedes Schuhs in jeder Gr\u00f6\u00dfe zuschneiden l\u00e4sst, einfach reinigen, die individuelle Passform Ihrer Sohlen nachzeichnen, ausschneiden und anbringen. Sorgt f\u00fcr Grip, Traktion und Anti-Rutsch-Funktion auf glatten Schuhsohlen.                  \u2714\ufe0f EXTRA GROSSE GR\u00d6SSE: 3 PAARE, jedes mit den Ma\u00dfen 6 x 4 Zoll (15 x 10,2 cm): Eine gro\u00dfz\u00fcgige Menge an Material ist vorhanden, um jede Schuhgr\u00f6\u00dfe oder -form abzudecken. Zeichnen Sie einfach die Form Ihres Schuhs nach und schneiden Sie ihn zu. Wir empfehlen, mit einer etwas gr\u00f6\u00dferen Gr\u00f6\u00dfe zu beginnen und dann auf die richtige Gr\u00f6\u00dfe zuzuschneiden.                  \u2714\ufe0f KEINE KLEBENDEN R\u00dcCKST\u00c4NDE : Dieses hochwertige 3M-Material l\u00e4sst sich r\u00fcckstandsfrei entfernen und hinterl\u00e4sst keine R\u00fcckst\u00e4nde. Er ist kristallklar, unsichtbar f\u00fcr das Auge und perfekt f\u00fcr Fotos.                  \u2714\ufe0f VERTRAUEN SIE DER F\u00dcHRENDEN MARKE: Solemates ist die in den USA hergestellte, von Frauen gegr\u00fcndete und von Frauen gef\u00fchrte (Louboutin liebende) Marke. Sole Guard eignet sich am besten f\u00fcr alle Schuhe mit glattem Boden (Pumps, Stilettos, Stiefel, Peep-Toe-Schuhe, flache Schuhe, Slipper, Sandalen usw.) und deckt bereits vorhandene Sch\u00e4den oder Unebenheiten an der Sohle ab.","og_url":"https:\/\/anjaliesa.com\/de\/shop\/sole-guard-sohlenschutz-fuer-christian-louboutin\/","og_site_name":"Anja Liesa","og_image":[{"width":2300,"height":1600,"url":"https:\/\/anjaliesa.com\/wp-content\/uploads\/2022\/01\/category-portfolio-pages.jpg","type":"image\/jpeg"}],"twitter_card":"summary_large_image","schema":{"@context":"https:\/\/schema.org","@graph":[{"@type":"WebPage","@id":"https:\/\/anjaliesa.com\/de\/shop\/sole-guard-sohlenschutz-fuer-christian-louboutin\/","url":"https:\/\/anjaliesa.com\/de\/shop\/sole-guard-sohlenschutz-fuer-christian-louboutin\/","name":"Sole Guard Sohlenschutz f\u00fcr Christian Louboutin - Anja Liesa","isPartOf":{"@id":"https:\/\/anjaliesa.com\/de\/#website"},"primaryImageOfPage":{"@id":"https:\/\/anjaliesa.com\/de\/shop\/sole-guard-sohlenschutz-fuer-christian-louboutin\/#primaryimage"},"image":{"@id":"https:\/\/anjaliesa.com\/de\/shop\/sole-guard-sohlenschutz-fuer-christian-louboutin\/#primaryimage"},"thumbnailUrl":"https:\/\/anjaliesa.com\/wp-content\/uploads\/2022\/01\/product-image-6.jpg","datePublished":"2022-01-29T00:04:04+00:00","breadcrumb":{"@id":"https:\/\/anjaliesa.com\/de\/shop\/sole-guard-sohlenschutz-fuer-christian-louboutin\/#breadcrumb"},"inLanguage":"de","potentialAction":[{"@type":"ReadAction","target":["https:\/\/anjaliesa.com\/de\/shop\/sole-guard-sohlenschutz-fuer-christian-louboutin\/"]}]},{"@type":"ImageObject","inLanguage":"de","@id":"https:\/\/anjaliesa.com\/de\/shop\/sole-guard-sohlenschutz-fuer-christian-louboutin\/#primaryimage","url":"https:\/\/anjaliesa.com\/wp-content\/uploads\/2022\/01\/product-image-6.jpg","contentUrl":"https:\/\/anjaliesa.com\/wp-content\/uploads\/2022\/01\/product-image-6.jpg","width":2310,"height":2560,"caption":"Sohlenschutz f\u00fcr Christian Louboutin"},{"@type":"BreadcrumbList","@id":"https:\/\/anjaliesa.com\/de\/shop\/sole-guard-sohlenschutz-fuer-christian-louboutin\/#breadcrumb","itemListElement":[{"@type":"ListItem","position":1,"name":"Home","item":"https:\/\/anjaliesa.com\/de\/anja-liesa\/"},{"@type":"ListItem","position":2,"name":"Shop","item":"https:\/\/anjaliesa.com\/de\/shop-2\/"},{"@type":"ListItem","position":3,"name":"Sole Guard Sohlenschutz f\u00fcr Christian Louboutin"}]},{"@type":"WebSite","@id":"https:\/\/anjaliesa.com\/de\/#website","url":"https:\/\/anjaliesa.com\/de\/","name":"Anja Liesa","description":"","publisher":{"@id":"https:\/\/anjaliesa.com\/de\/#\/schema\/person\/84b62af248ed91fb287e5e99bd6e6857"},"potentialAction":[{"@type":"SearchAction","target":{"@type":"EntryPoint","urlTemplate":"https:\/\/anjaliesa.com\/de\/?s={search_term_string}"},"query-input":{"@type":"PropertyValueSpecification","valueRequired":true,"valueName":"search_term_string"}}],"inLanguage":"de"},{"@type":["Person","Organization"],"@id":"https:\/\/anjaliesa.com\/de\/#\/schema\/person\/84b62af248ed91fb287e5e99bd6e6857","name":"Anja Liesa","image":{"@type":"ImageObject","inLanguage":"de","@id":"https:\/\/anjaliesa.com\/wp-content\/uploads\/2022\/01\/category-portfolio-pages-3.jpg","url":"https:\/\/anjaliesa.com\/wp-content\/uploads\/2022\/01\/category-portfolio-pages-3.jpg","contentUrl":"https:\/\/anjaliesa.com\/wp-content\/uploads\/2022\/01\/category-portfolio-pages-3.jpg","width":2300,"height":1600,"caption":"Anja Liesa"},"logo":{"@id":"https:\/\/anjaliesa.com\/wp-content\/uploads\/2022\/01\/category-portfolio-pages-3.jpg"},"description":"I am a shoe collector with a genuine passion for all things fashion. I am active on most social media platforms reviewing the latest collections from designer heels brands as well as sharing styling tips for the perfect high heel outfits. My mission is to share my experience buying and wearing designer heels, I hope you find my recommendations useful to select the perfect heels for every occasion. I have a 300+ designer heels collection featuring the most exclusive luxury brands with the likes of Christian Louboutin, Casadei, Giuseppe Zanotti, YSL, Le Silla, Valentino and many more. When I am not busy buying new shoes I enjoy travelling, exploring new cuisines, cities and relaxing holiday retreats.","sameAs":["https:\/\/anjaliesa.com","https:\/\/instagram.com\/anjaliesa","https:\/\/www.youtube.com\/channel\/UCeqqahp3ZToz9mp8pma-ohg"]}]}},"_links":{"self":[{"href":"https:\/\/anjaliesa.com\/de\/wp-json\/wp\/v2\/product\/4359","targetHints":{"allow":["GET"]}}],"collection":[{"href":"https:\/\/anjaliesa.com\/de\/wp-json\/wp\/v2\/product"}],"about":[{"href":"https:\/\/anjaliesa.com\/de\/wp-json\/wp\/v2\/types\/product"}],"wp:featuredmedia":[{"embeddable":true,"href":"https:\/\/anjaliesa.com\/de\/wp-json\/wp\/v2\/media\/4048"}],"wp:attachment":[{"href":"https:\/\/anjaliesa.com\/de\/wp-json\/wp\/v2\/media?parent=4359"}],"wp:term":[{"taxonomy":"product_brand","embeddable":true,"href":"https:\/\/anjaliesa.com\/de\/wp-json\/wp\/v2\/product_brand?post=4359"},{"taxonomy":"product_cat","embeddable":true,"href":"https:\/\/anjaliesa.com\/de\/wp-json\/wp\/v2\/product_cat?post=4359"},{"taxonomy":"product_tag","embeddable":true,"href":"https:\/\/anjaliesa.com\/de\/wp-json\/wp\/v2\/product_tag?post=4359"}],"curies":[{"name":"wp","href":"https:\/\/api.w.org\/{rel}","templated":true}]}}