{"id":4358,"date":"2022-02-05T21:34:57","date_gmt":"2022-02-05T21:34:57","guid":{"rendered":"https:\/\/anjaliesa.com\/shop\/louboutin-so-kate-120-schwarzes-lackleder-pumps\/"},"modified":"2022-02-05T21:34:57","modified_gmt":"2022-02-05T21:34:57","slug":"louboutin-so-kate-120-schwarzes-lackleder-pumps","status":"publish","type":"product","link":"https:\/\/anjaliesa.com\/de\/shop\/louboutin-so-kate-120-schwarzes-lackleder-pumps\/","title":{"rendered":"Louboutin So Kate 120 Schwarzes Lackleder Pumps"},"content":{"rendered":"","protected":false},"excerpt":{"rendered":"<p>Die ikonischen So Kate Pumps mit zeitloser Eleganz verbinden auf brillante Weise Diskretion und Raffinesse. Sein schwarzes Kalbslackleder hat ein modelliertes Obermaterial, das seine Linien bis zum ikonischen, k\u00fchnen Schnitt verl\u00e4ngert. Der schlanke 120-mm-Absatz sorgt f\u00fcr Selbstbewusstsein und unterstreicht das Know-how der Maison Christian Louboutin.<\/p>\n","protected":false},"featured_media":4077,"template":"","meta":[],"product_brand":[],"product_cat":[106],"product_tag":[118,109,117,103],"class_list":{"0":"post-4358","1":"product","2":"type-product","3":"status-publish","4":"has-post-thumbnail","6":"product_cat-klassiker-die-man-haben-muss","7":"product_tag-also-kate","8":"product_tag-christian-louboutin-de","9":"product_tag-so-kate-featured-de","10":"product_tag-vorgestellt","12":"first","13":"instock","14":"shipping-taxable","15":"product-type-external"},"yoast_head":"<!-- This site is optimized with the Yoast SEO plugin v27.3 - https:\/\/yoast.com\/product\/yoast-seo-wordpress\/ -->\n<title>Louboutin So Kate 120 Schwarzes Lackleder Pumps - Anja Liesa<\/title>\n<meta name=\"description\" content=\"Die ikonischen So Kate Pumps mit zeitloser Eleganz verbinden auf brillante Weise Diskretion und Raffinesse. Sein schwarzes Kalbslackleder hat ein modelliertes Obermaterial, das seine Linien bis zum ikonischen, k\u00fchnen Schnitt verl\u00e4ngert. Der schlanke 120-mm-Absatz sorgt f\u00fcr Selbstbewusstsein und unterstreicht das Know-how der Maison Christian Louboutin.\" \/>\n<meta name=\"robots\" content=\"index, follow, max-snippet:-1, max-image-preview:large, max-video-preview:-1\" \/>\n<link rel=\"canonical\" href=\"https:\/\/anjaliesa.com\/de\/shop\/louboutin-so-kate-120-schwarzes-lackleder-pumps\/\" \/>\n<meta property=\"og:locale\" content=\"de_DE\" \/>\n<meta property=\"og:type\" content=\"article\" \/>\n<meta property=\"og:title\" content=\"Louboutin So Kate 120 Schwarzes Lackleder Pumps - Anja Liesa\" \/>\n<meta property=\"og:description\" content=\"Die ikonischen So Kate Pumps mit zeitloser Eleganz verbinden auf brillante Weise Diskretion und Raffinesse. Sein schwarzes Kalbslackleder hat ein modelliertes Obermaterial, das seine Linien bis zum ikonischen, k\u00fchnen Schnitt verl\u00e4ngert. Der schlanke 120-mm-Absatz sorgt f\u00fcr Selbstbewusstsein und unterstreicht das Know-how der Maison Christian Louboutin.\" \/>\n<meta property=\"og:url\" content=\"https:\/\/anjaliesa.com\/de\/shop\/louboutin-so-kate-120-schwarzes-lackleder-pumps\/\" \/>\n<meta property=\"og:site_name\" content=\"Anja Liesa\" \/>\n<meta property=\"og:image\" content=\"https:\/\/anjaliesa.com\/wp-content\/uploads\/2022\/02\/product-image-20.jpg\" \/>\n<meta name=\"twitter:card\" content=\"summary_large_image\" \/>\n<meta name=\"twitter:image\" content=\"https:\/\/anjaliesa.com\/wp-content\/uploads\/2022\/02\/product-image-20.jpg\" \/>\n<script type=\"application\/ld+json\" class=\"yoast-schema-graph\">{\"@context\":\"https:\\\/\\\/schema.org\",\"@graph\":[{\"@type\":\"WebPage\",\"@id\":\"https:\\\/\\\/anjaliesa.com\\\/de\\\/shop\\\/louboutin-so-kate-120-schwarzes-lackleder-pumps\\\/\",\"url\":\"https:\\\/\\\/anjaliesa.com\\\/de\\\/shop\\\/louboutin-so-kate-120-schwarzes-lackleder-pumps\\\/\",\"name\":\"Louboutin So Kate 120 Schwarzes Lackleder Pumps - Anja Liesa\",\"isPartOf\":{\"@id\":\"https:\\\/\\\/anjaliesa.com\\\/de\\\/#website\"},\"primaryImageOfPage\":{\"@id\":\"https:\\\/\\\/anjaliesa.com\\\/de\\\/shop\\\/louboutin-so-kate-120-schwarzes-lackleder-pumps\\\/#primaryimage\"},\"image\":{\"@id\":\"https:\\\/\\\/anjaliesa.com\\\/de\\\/shop\\\/louboutin-so-kate-120-schwarzes-lackleder-pumps\\\/#primaryimage\"},\"thumbnailUrl\":\"https:\\\/\\\/anjaliesa.com\\\/wp-content\\\/uploads\\\/2022\\\/02\\\/product-image-20.jpg\",\"datePublished\":\"2022-02-05T21:34:57+00:00\",\"description\":\"Die ikonischen So Kate Pumps mit zeitloser Eleganz verbinden auf brillante Weise Diskretion und Raffinesse. Sein schwarzes Kalbslackleder hat ein modelliertes Obermaterial, das seine Linien bis zum ikonischen, k\u00fchnen Schnitt verl\u00e4ngert. Der schlanke 120-mm-Absatz sorgt f\u00fcr Selbstbewusstsein und unterstreicht das Know-how der Maison Christian Louboutin.\",\"breadcrumb\":{\"@id\":\"https:\\\/\\\/anjaliesa.com\\\/de\\\/shop\\\/louboutin-so-kate-120-schwarzes-lackleder-pumps\\\/#breadcrumb\"},\"inLanguage\":\"de\",\"potentialAction\":[{\"@type\":\"ReadAction\",\"target\":[\"https:\\\/\\\/anjaliesa.com\\\/de\\\/shop\\\/louboutin-so-kate-120-schwarzes-lackleder-pumps\\\/\"]}]},{\"@type\":\"ImageObject\",\"inLanguage\":\"de\",\"@id\":\"https:\\\/\\\/anjaliesa.com\\\/de\\\/shop\\\/louboutin-so-kate-120-schwarzes-lackleder-pumps\\\/#primaryimage\",\"url\":\"https:\\\/\\\/anjaliesa.com\\\/wp-content\\\/uploads\\\/2022\\\/02\\\/product-image-20.jpg\",\"contentUrl\":\"https:\\\/\\\/anjaliesa.com\\\/wp-content\\\/uploads\\\/2022\\\/02\\\/product-image-20.jpg\",\"width\":2310,\"height\":2560,\"caption\":\"Louboutin So Kate 120 schwarz Lack\"},{\"@type\":\"BreadcrumbList\",\"@id\":\"https:\\\/\\\/anjaliesa.com\\\/de\\\/shop\\\/louboutin-so-kate-120-schwarzes-lackleder-pumps\\\/#breadcrumb\",\"itemListElement\":[{\"@type\":\"ListItem\",\"position\":1,\"name\":\"Home\",\"item\":\"https:\\\/\\\/anjaliesa.com\\\/de\\\/anja-liesa\\\/\"},{\"@type\":\"ListItem\",\"position\":2,\"name\":\"Shop\",\"item\":\"https:\\\/\\\/anjaliesa.com\\\/de\\\/shop-2\\\/\"},{\"@type\":\"ListItem\",\"position\":3,\"name\":\"Louboutin So Kate 120 Schwarzes Lackleder Pumps\"}]},{\"@type\":\"WebSite\",\"@id\":\"https:\\\/\\\/anjaliesa.com\\\/de\\\/#website\",\"url\":\"https:\\\/\\\/anjaliesa.com\\\/de\\\/\",\"name\":\"Anja Liesa\",\"description\":\"\",\"publisher\":{\"@id\":\"https:\\\/\\\/anjaliesa.com\\\/de\\\/#\\\/schema\\\/person\\\/84b62af248ed91fb287e5e99bd6e6857\"},\"potentialAction\":[{\"@type\":\"SearchAction\",\"target\":{\"@type\":\"EntryPoint\",\"urlTemplate\":\"https:\\\/\\\/anjaliesa.com\\\/de\\\/?s={search_term_string}\"},\"query-input\":{\"@type\":\"PropertyValueSpecification\",\"valueRequired\":true,\"valueName\":\"search_term_string\"}}],\"inLanguage\":\"de\"},{\"@type\":[\"Person\",\"Organization\"],\"@id\":\"https:\\\/\\\/anjaliesa.com\\\/de\\\/#\\\/schema\\\/person\\\/84b62af248ed91fb287e5e99bd6e6857\",\"name\":\"Anja Liesa\",\"image\":{\"@type\":\"ImageObject\",\"inLanguage\":\"de\",\"@id\":\"https:\\\/\\\/anjaliesa.com\\\/wp-content\\\/uploads\\\/2022\\\/01\\\/category-portfolio-pages-3.jpg\",\"url\":\"https:\\\/\\\/anjaliesa.com\\\/wp-content\\\/uploads\\\/2022\\\/01\\\/category-portfolio-pages-3.jpg\",\"contentUrl\":\"https:\\\/\\\/anjaliesa.com\\\/wp-content\\\/uploads\\\/2022\\\/01\\\/category-portfolio-pages-3.jpg\",\"width\":2300,\"height\":1600,\"caption\":\"Anja Liesa\"},\"logo\":{\"@id\":\"https:\\\/\\\/anjaliesa.com\\\/wp-content\\\/uploads\\\/2022\\\/01\\\/category-portfolio-pages-3.jpg\"},\"description\":\"I am a shoe collector with a genuine passion for all things fashion. I am active on most social media platforms reviewing the latest collections from designer heels brands as well as sharing styling tips for the perfect high heel outfits. My mission is to share my experience buying and wearing designer heels, I hope you find my recommendations useful to select the perfect heels for every occasion. I have a 300+ designer heels collection featuring the most exclusive luxury brands with the likes of Christian Louboutin, Casadei, Giuseppe Zanotti, YSL, Le Silla, Valentino and many more. When I am not busy buying new shoes I enjoy travelling, exploring new cuisines, cities and relaxing holiday retreats.\",\"sameAs\":[\"https:\\\/\\\/anjaliesa.com\",\"https:\\\/\\\/instagram.com\\\/anjaliesa\",\"https:\\\/\\\/www.youtube.com\\\/channel\\\/UCeqqahp3ZToz9mp8pma-ohg\"]}]}<\/script>\n<!-- \/ Yoast SEO plugin. -->","yoast_head_json":{"title":"Louboutin So Kate 120 Schwarzes Lackleder Pumps - Anja Liesa","description":"Die ikonischen So Kate Pumps mit zeitloser Eleganz verbinden auf brillante Weise Diskretion und Raffinesse. Sein schwarzes Kalbslackleder hat ein modelliertes Obermaterial, das seine Linien bis zum ikonischen, k\u00fchnen Schnitt verl\u00e4ngert. Der schlanke 120-mm-Absatz sorgt f\u00fcr Selbstbewusstsein und unterstreicht das Know-how der Maison Christian Louboutin.","robots":{"index":"index","follow":"follow","max-snippet":"max-snippet:-1","max-image-preview":"max-image-preview:large","max-video-preview":"max-video-preview:-1"},"canonical":"https:\/\/anjaliesa.com\/de\/shop\/louboutin-so-kate-120-schwarzes-lackleder-pumps\/","og_locale":"de_DE","og_type":"article","og_title":"Louboutin So Kate 120 Schwarzes Lackleder Pumps - Anja Liesa","og_description":"Die ikonischen So Kate Pumps mit zeitloser Eleganz verbinden auf brillante Weise Diskretion und Raffinesse. Sein schwarzes Kalbslackleder hat ein modelliertes Obermaterial, das seine Linien bis zum ikonischen, k\u00fchnen Schnitt verl\u00e4ngert. Der schlanke 120-mm-Absatz sorgt f\u00fcr Selbstbewusstsein und unterstreicht das Know-how der Maison Christian Louboutin.","og_url":"https:\/\/anjaliesa.com\/de\/shop\/louboutin-so-kate-120-schwarzes-lackleder-pumps\/","og_site_name":"Anja Liesa","og_image":[{"url":"https:\/\/anjaliesa.com\/wp-content\/uploads\/2022\/02\/product-image-20.jpg","type":"","width":"","height":""}],"twitter_card":"summary_large_image","twitter_image":"https:\/\/anjaliesa.com\/wp-content\/uploads\/2022\/02\/product-image-20.jpg","schema":{"@context":"https:\/\/schema.org","@graph":[{"@type":"WebPage","@id":"https:\/\/anjaliesa.com\/de\/shop\/louboutin-so-kate-120-schwarzes-lackleder-pumps\/","url":"https:\/\/anjaliesa.com\/de\/shop\/louboutin-so-kate-120-schwarzes-lackleder-pumps\/","name":"Louboutin So Kate 120 Schwarzes Lackleder Pumps - Anja Liesa","isPartOf":{"@id":"https:\/\/anjaliesa.com\/de\/#website"},"primaryImageOfPage":{"@id":"https:\/\/anjaliesa.com\/de\/shop\/louboutin-so-kate-120-schwarzes-lackleder-pumps\/#primaryimage"},"image":{"@id":"https:\/\/anjaliesa.com\/de\/shop\/louboutin-so-kate-120-schwarzes-lackleder-pumps\/#primaryimage"},"thumbnailUrl":"https:\/\/anjaliesa.com\/wp-content\/uploads\/2022\/02\/product-image-20.jpg","datePublished":"2022-02-05T21:34:57+00:00","description":"Die ikonischen So Kate Pumps mit zeitloser Eleganz verbinden auf brillante Weise Diskretion und Raffinesse. Sein schwarzes Kalbslackleder hat ein modelliertes Obermaterial, das seine Linien bis zum ikonischen, k\u00fchnen Schnitt verl\u00e4ngert. Der schlanke 120-mm-Absatz sorgt f\u00fcr Selbstbewusstsein und unterstreicht das Know-how der Maison Christian Louboutin.","breadcrumb":{"@id":"https:\/\/anjaliesa.com\/de\/shop\/louboutin-so-kate-120-schwarzes-lackleder-pumps\/#breadcrumb"},"inLanguage":"de","potentialAction":[{"@type":"ReadAction","target":["https:\/\/anjaliesa.com\/de\/shop\/louboutin-so-kate-120-schwarzes-lackleder-pumps\/"]}]},{"@type":"ImageObject","inLanguage":"de","@id":"https:\/\/anjaliesa.com\/de\/shop\/louboutin-so-kate-120-schwarzes-lackleder-pumps\/#primaryimage","url":"https:\/\/anjaliesa.com\/wp-content\/uploads\/2022\/02\/product-image-20.jpg","contentUrl":"https:\/\/anjaliesa.com\/wp-content\/uploads\/2022\/02\/product-image-20.jpg","width":2310,"height":2560,"caption":"Louboutin So Kate 120 schwarz Lack"},{"@type":"BreadcrumbList","@id":"https:\/\/anjaliesa.com\/de\/shop\/louboutin-so-kate-120-schwarzes-lackleder-pumps\/#breadcrumb","itemListElement":[{"@type":"ListItem","position":1,"name":"Home","item":"https:\/\/anjaliesa.com\/de\/anja-liesa\/"},{"@type":"ListItem","position":2,"name":"Shop","item":"https:\/\/anjaliesa.com\/de\/shop-2\/"},{"@type":"ListItem","position":3,"name":"Louboutin So Kate 120 Schwarzes Lackleder Pumps"}]},{"@type":"WebSite","@id":"https:\/\/anjaliesa.com\/de\/#website","url":"https:\/\/anjaliesa.com\/de\/","name":"Anja Liesa","description":"","publisher":{"@id":"https:\/\/anjaliesa.com\/de\/#\/schema\/person\/84b62af248ed91fb287e5e99bd6e6857"},"potentialAction":[{"@type":"SearchAction","target":{"@type":"EntryPoint","urlTemplate":"https:\/\/anjaliesa.com\/de\/?s={search_term_string}"},"query-input":{"@type":"PropertyValueSpecification","valueRequired":true,"valueName":"search_term_string"}}],"inLanguage":"de"},{"@type":["Person","Organization"],"@id":"https:\/\/anjaliesa.com\/de\/#\/schema\/person\/84b62af248ed91fb287e5e99bd6e6857","name":"Anja Liesa","image":{"@type":"ImageObject","inLanguage":"de","@id":"https:\/\/anjaliesa.com\/wp-content\/uploads\/2022\/01\/category-portfolio-pages-3.jpg","url":"https:\/\/anjaliesa.com\/wp-content\/uploads\/2022\/01\/category-portfolio-pages-3.jpg","contentUrl":"https:\/\/anjaliesa.com\/wp-content\/uploads\/2022\/01\/category-portfolio-pages-3.jpg","width":2300,"height":1600,"caption":"Anja Liesa"},"logo":{"@id":"https:\/\/anjaliesa.com\/wp-content\/uploads\/2022\/01\/category-portfolio-pages-3.jpg"},"description":"I am a shoe collector with a genuine passion for all things fashion. I am active on most social media platforms reviewing the latest collections from designer heels brands as well as sharing styling tips for the perfect high heel outfits. My mission is to share my experience buying and wearing designer heels, I hope you find my recommendations useful to select the perfect heels for every occasion. I have a 300+ designer heels collection featuring the most exclusive luxury brands with the likes of Christian Louboutin, Casadei, Giuseppe Zanotti, YSL, Le Silla, Valentino and many more. When I am not busy buying new shoes I enjoy travelling, exploring new cuisines, cities and relaxing holiday retreats.","sameAs":["https:\/\/anjaliesa.com","https:\/\/instagram.com\/anjaliesa","https:\/\/www.youtube.com\/channel\/UCeqqahp3ZToz9mp8pma-ohg"]}]}},"_links":{"self":[{"href":"https:\/\/anjaliesa.com\/de\/wp-json\/wp\/v2\/product\/4358","targetHints":{"allow":["GET"]}}],"collection":[{"href":"https:\/\/anjaliesa.com\/de\/wp-json\/wp\/v2\/product"}],"about":[{"href":"https:\/\/anjaliesa.com\/de\/wp-json\/wp\/v2\/types\/product"}],"wp:featuredmedia":[{"embeddable":true,"href":"https:\/\/anjaliesa.com\/de\/wp-json\/wp\/v2\/media\/4077"}],"wp:attachment":[{"href":"https:\/\/anjaliesa.com\/de\/wp-json\/wp\/v2\/media?parent=4358"}],"wp:term":[{"taxonomy":"product_brand","embeddable":true,"href":"https:\/\/anjaliesa.com\/de\/wp-json\/wp\/v2\/product_brand?post=4358"},{"taxonomy":"product_cat","embeddable":true,"href":"https:\/\/anjaliesa.com\/de\/wp-json\/wp\/v2\/product_cat?post=4358"},{"taxonomy":"product_tag","embeddable":true,"href":"https:\/\/anjaliesa.com\/de\/wp-json\/wp\/v2\/product_tag?post=4358"}],"curies":[{"name":"wp","href":"https:\/\/api.w.org\/{rel}","templated":true}]}}