{"id":4355,"date":"2023-02-21T18:55:20","date_gmt":"2023-02-21T18:55:20","guid":{"rendered":"https:\/\/anjaliesa.com\/shop\/geliebte-jimmy-choo-plateau-absaetze\/"},"modified":"2023-02-21T18:55:20","modified_gmt":"2023-02-21T18:55:20","slug":"geliebte-jimmy-choo-plateau-absaetze","status":"publish","type":"product","link":"https:\/\/anjaliesa.com\/de\/shop\/geliebte-jimmy-choo-plateau-absaetze\/","title":{"rendered":"Geliebte Jimmy Choo Plateau-Abs\u00e4tze"},"content":{"rendered":"","protected":false},"excerpt":{"rendered":"<p>Aus meiner pers\u00f6nlichen Sammlung, eine pre-geliebt noch in sehr gutem Zustand Paar Jimmy Choo Plattform Heels.<\/p>\n<p>* Absatzh\u00f6he 120 mm<\/p>\n<p>* Gr\u00f6\u00dfe: 37,5 EU \/ 7,5 US \/ 4,5UK<\/p>\n<p>* Hergestellt in Italien<\/p>\n","protected":false},"featured_media":4151,"template":"","meta":[],"product_brand":[],"product_cat":[108],"product_tag":[109],"class_list":{"0":"post-4355","1":"product","2":"type-product","3":"status-publish","4":"has-post-thumbnail","6":"product_cat-anja-liesas-kollektion-im-verkauf","7":"product_tag-christian-louboutin-de","9":"first","10":"outofstock","11":"shipping-taxable","12":"purchasable","13":"product-type-simple"},"yoast_head":"<!-- This site is optimized with the Yoast SEO plugin v27.3 - https:\/\/yoast.com\/product\/yoast-seo-wordpress\/ -->\n<title>Geliebte Jimmy Choo Plateau-Abs\u00e4tze - Anja Liesa<\/title>\n<meta name=\"robots\" content=\"index, follow, max-snippet:-1, max-image-preview:large, max-video-preview:-1\" \/>\n<link rel=\"canonical\" href=\"https:\/\/anjaliesa.com\/de\/shop\/geliebte-jimmy-choo-plateau-absaetze\/\" \/>\n<meta property=\"og:locale\" content=\"de_DE\" \/>\n<meta property=\"og:type\" content=\"article\" \/>\n<meta property=\"og:title\" content=\"Geliebte Jimmy Choo Plateau-Abs\u00e4tze - Anja Liesa\" \/>\n<meta property=\"og:description\" content=\"Aus meiner pers\u00f6nlichen Sammlung, eine pre-geliebt noch in sehr gutem Zustand Paar Jimmy Choo Plattform Heels. * Absatzh\u00f6he 120 mm * Gr\u00f6\u00dfe: 37,5 EU \/ 7,5 US \/ 4,5UK * Hergestellt in Italien\" \/>\n<meta property=\"og:url\" content=\"https:\/\/anjaliesa.com\/de\/shop\/geliebte-jimmy-choo-plateau-absaetze\/\" \/>\n<meta property=\"og:site_name\" content=\"Anja Liesa\" \/>\n<meta property=\"og:image\" content=\"https:\/\/anjaliesa.com\/wp-content\/uploads\/2023\/02\/product-image-9.jpg\" \/>\n\t<meta property=\"og:image:width\" content=\"2310\" \/>\n\t<meta property=\"og:image:height\" content=\"2560\" \/>\n\t<meta property=\"og:image:type\" content=\"image\/jpeg\" \/>\n<meta name=\"twitter:card\" content=\"summary_large_image\" \/>\n<script type=\"application\/ld+json\" class=\"yoast-schema-graph\">{\"@context\":\"https:\\\/\\\/schema.org\",\"@graph\":[{\"@type\":\"WebPage\",\"@id\":\"https:\\\/\\\/anjaliesa.com\\\/de\\\/shop\\\/geliebte-jimmy-choo-plateau-absaetze\\\/\",\"url\":\"https:\\\/\\\/anjaliesa.com\\\/de\\\/shop\\\/geliebte-jimmy-choo-plateau-absaetze\\\/\",\"name\":\"Geliebte Jimmy Choo Plateau-Abs\u00e4tze - Anja Liesa\",\"isPartOf\":{\"@id\":\"https:\\\/\\\/anjaliesa.com\\\/de\\\/#website\"},\"primaryImageOfPage\":{\"@id\":\"https:\\\/\\\/anjaliesa.com\\\/de\\\/shop\\\/geliebte-jimmy-choo-plateau-absaetze\\\/#primaryimage\"},\"image\":{\"@id\":\"https:\\\/\\\/anjaliesa.com\\\/de\\\/shop\\\/geliebte-jimmy-choo-plateau-absaetze\\\/#primaryimage\"},\"thumbnailUrl\":\"https:\\\/\\\/anjaliesa.com\\\/wp-content\\\/uploads\\\/2023\\\/02\\\/product-image-9.jpg\",\"datePublished\":\"2023-02-21T18:55:20+00:00\",\"breadcrumb\":{\"@id\":\"https:\\\/\\\/anjaliesa.com\\\/de\\\/shop\\\/geliebte-jimmy-choo-plateau-absaetze\\\/#breadcrumb\"},\"inLanguage\":\"de\",\"potentialAction\":[{\"@type\":\"ReadAction\",\"target\":[\"https:\\\/\\\/anjaliesa.com\\\/de\\\/shop\\\/geliebte-jimmy-choo-plateau-absaetze\\\/\"]}]},{\"@type\":\"ImageObject\",\"inLanguage\":\"de\",\"@id\":\"https:\\\/\\\/anjaliesa.com\\\/de\\\/shop\\\/geliebte-jimmy-choo-plateau-absaetze\\\/#primaryimage\",\"url\":\"https:\\\/\\\/anjaliesa.com\\\/wp-content\\\/uploads\\\/2023\\\/02\\\/product-image-9.jpg\",\"contentUrl\":\"https:\\\/\\\/anjaliesa.com\\\/wp-content\\\/uploads\\\/2023\\\/02\\\/product-image-9.jpg\",\"width\":2310,\"height\":2560,\"caption\":\"Jimmy Choo Plateau-Abs\u00e4tze\"},{\"@type\":\"BreadcrumbList\",\"@id\":\"https:\\\/\\\/anjaliesa.com\\\/de\\\/shop\\\/geliebte-jimmy-choo-plateau-absaetze\\\/#breadcrumb\",\"itemListElement\":[{\"@type\":\"ListItem\",\"position\":1,\"name\":\"Home\",\"item\":\"https:\\\/\\\/anjaliesa.com\\\/de\\\/anja-liesa\\\/\"},{\"@type\":\"ListItem\",\"position\":2,\"name\":\"Shop\",\"item\":\"https:\\\/\\\/anjaliesa.com\\\/de\\\/shop-2\\\/\"},{\"@type\":\"ListItem\",\"position\":3,\"name\":\"Geliebte Jimmy Choo Plateau-Abs\u00e4tze\"}]},{\"@type\":\"WebSite\",\"@id\":\"https:\\\/\\\/anjaliesa.com\\\/de\\\/#website\",\"url\":\"https:\\\/\\\/anjaliesa.com\\\/de\\\/\",\"name\":\"Anja Liesa\",\"description\":\"\",\"publisher\":{\"@id\":\"https:\\\/\\\/anjaliesa.com\\\/de\\\/#\\\/schema\\\/person\\\/84b62af248ed91fb287e5e99bd6e6857\"},\"potentialAction\":[{\"@type\":\"SearchAction\",\"target\":{\"@type\":\"EntryPoint\",\"urlTemplate\":\"https:\\\/\\\/anjaliesa.com\\\/de\\\/?s={search_term_string}\"},\"query-input\":{\"@type\":\"PropertyValueSpecification\",\"valueRequired\":true,\"valueName\":\"search_term_string\"}}],\"inLanguage\":\"de\"},{\"@type\":[\"Person\",\"Organization\"],\"@id\":\"https:\\\/\\\/anjaliesa.com\\\/de\\\/#\\\/schema\\\/person\\\/84b62af248ed91fb287e5e99bd6e6857\",\"name\":\"Anja Liesa\",\"image\":{\"@type\":\"ImageObject\",\"inLanguage\":\"de\",\"@id\":\"https:\\\/\\\/anjaliesa.com\\\/wp-content\\\/uploads\\\/2022\\\/01\\\/category-portfolio-pages-3.jpg\",\"url\":\"https:\\\/\\\/anjaliesa.com\\\/wp-content\\\/uploads\\\/2022\\\/01\\\/category-portfolio-pages-3.jpg\",\"contentUrl\":\"https:\\\/\\\/anjaliesa.com\\\/wp-content\\\/uploads\\\/2022\\\/01\\\/category-portfolio-pages-3.jpg\",\"width\":2300,\"height\":1600,\"caption\":\"Anja Liesa\"},\"logo\":{\"@id\":\"https:\\\/\\\/anjaliesa.com\\\/wp-content\\\/uploads\\\/2022\\\/01\\\/category-portfolio-pages-3.jpg\"},\"description\":\"I am a shoe collector with a genuine passion for all things fashion. I am active on most social media platforms reviewing the latest collections from designer heels brands as well as sharing styling tips for the perfect high heel outfits. My mission is to share my experience buying and wearing designer heels, I hope you find my recommendations useful to select the perfect heels for every occasion. I have a 300+ designer heels collection featuring the most exclusive luxury brands with the likes of Christian Louboutin, Casadei, Giuseppe Zanotti, YSL, Le Silla, Valentino and many more. When I am not busy buying new shoes I enjoy travelling, exploring new cuisines, cities and relaxing holiday retreats.\",\"sameAs\":[\"https:\\\/\\\/anjaliesa.com\",\"https:\\\/\\\/instagram.com\\\/anjaliesa\",\"https:\\\/\\\/www.youtube.com\\\/channel\\\/UCeqqahp3ZToz9mp8pma-ohg\"]}]}<\/script>\n<!-- \/ Yoast SEO plugin. -->","yoast_head_json":{"title":"Geliebte Jimmy Choo Plateau-Abs\u00e4tze - Anja Liesa","robots":{"index":"index","follow":"follow","max-snippet":"max-snippet:-1","max-image-preview":"max-image-preview:large","max-video-preview":"max-video-preview:-1"},"canonical":"https:\/\/anjaliesa.com\/de\/shop\/geliebte-jimmy-choo-plateau-absaetze\/","og_locale":"de_DE","og_type":"article","og_title":"Geliebte Jimmy Choo Plateau-Abs\u00e4tze - Anja Liesa","og_description":"Aus meiner pers\u00f6nlichen Sammlung, eine pre-geliebt noch in sehr gutem Zustand Paar Jimmy Choo Plattform Heels. * Absatzh\u00f6he 120 mm * Gr\u00f6\u00dfe: 37,5 EU \/ 7,5 US \/ 4,5UK * Hergestellt in Italien","og_url":"https:\/\/anjaliesa.com\/de\/shop\/geliebte-jimmy-choo-plateau-absaetze\/","og_site_name":"Anja Liesa","og_image":[{"width":2310,"height":2560,"url":"https:\/\/anjaliesa.com\/wp-content\/uploads\/2023\/02\/product-image-9.jpg","type":"image\/jpeg"}],"twitter_card":"summary_large_image","schema":{"@context":"https:\/\/schema.org","@graph":[{"@type":"WebPage","@id":"https:\/\/anjaliesa.com\/de\/shop\/geliebte-jimmy-choo-plateau-absaetze\/","url":"https:\/\/anjaliesa.com\/de\/shop\/geliebte-jimmy-choo-plateau-absaetze\/","name":"Geliebte Jimmy Choo Plateau-Abs\u00e4tze - Anja Liesa","isPartOf":{"@id":"https:\/\/anjaliesa.com\/de\/#website"},"primaryImageOfPage":{"@id":"https:\/\/anjaliesa.com\/de\/shop\/geliebte-jimmy-choo-plateau-absaetze\/#primaryimage"},"image":{"@id":"https:\/\/anjaliesa.com\/de\/shop\/geliebte-jimmy-choo-plateau-absaetze\/#primaryimage"},"thumbnailUrl":"https:\/\/anjaliesa.com\/wp-content\/uploads\/2023\/02\/product-image-9.jpg","datePublished":"2023-02-21T18:55:20+00:00","breadcrumb":{"@id":"https:\/\/anjaliesa.com\/de\/shop\/geliebte-jimmy-choo-plateau-absaetze\/#breadcrumb"},"inLanguage":"de","potentialAction":[{"@type":"ReadAction","target":["https:\/\/anjaliesa.com\/de\/shop\/geliebte-jimmy-choo-plateau-absaetze\/"]}]},{"@type":"ImageObject","inLanguage":"de","@id":"https:\/\/anjaliesa.com\/de\/shop\/geliebte-jimmy-choo-plateau-absaetze\/#primaryimage","url":"https:\/\/anjaliesa.com\/wp-content\/uploads\/2023\/02\/product-image-9.jpg","contentUrl":"https:\/\/anjaliesa.com\/wp-content\/uploads\/2023\/02\/product-image-9.jpg","width":2310,"height":2560,"caption":"Jimmy Choo Plateau-Abs\u00e4tze"},{"@type":"BreadcrumbList","@id":"https:\/\/anjaliesa.com\/de\/shop\/geliebte-jimmy-choo-plateau-absaetze\/#breadcrumb","itemListElement":[{"@type":"ListItem","position":1,"name":"Home","item":"https:\/\/anjaliesa.com\/de\/anja-liesa\/"},{"@type":"ListItem","position":2,"name":"Shop","item":"https:\/\/anjaliesa.com\/de\/shop-2\/"},{"@type":"ListItem","position":3,"name":"Geliebte Jimmy Choo Plateau-Abs\u00e4tze"}]},{"@type":"WebSite","@id":"https:\/\/anjaliesa.com\/de\/#website","url":"https:\/\/anjaliesa.com\/de\/","name":"Anja Liesa","description":"","publisher":{"@id":"https:\/\/anjaliesa.com\/de\/#\/schema\/person\/84b62af248ed91fb287e5e99bd6e6857"},"potentialAction":[{"@type":"SearchAction","target":{"@type":"EntryPoint","urlTemplate":"https:\/\/anjaliesa.com\/de\/?s={search_term_string}"},"query-input":{"@type":"PropertyValueSpecification","valueRequired":true,"valueName":"search_term_string"}}],"inLanguage":"de"},{"@type":["Person","Organization"],"@id":"https:\/\/anjaliesa.com\/de\/#\/schema\/person\/84b62af248ed91fb287e5e99bd6e6857","name":"Anja Liesa","image":{"@type":"ImageObject","inLanguage":"de","@id":"https:\/\/anjaliesa.com\/wp-content\/uploads\/2022\/01\/category-portfolio-pages-3.jpg","url":"https:\/\/anjaliesa.com\/wp-content\/uploads\/2022\/01\/category-portfolio-pages-3.jpg","contentUrl":"https:\/\/anjaliesa.com\/wp-content\/uploads\/2022\/01\/category-portfolio-pages-3.jpg","width":2300,"height":1600,"caption":"Anja Liesa"},"logo":{"@id":"https:\/\/anjaliesa.com\/wp-content\/uploads\/2022\/01\/category-portfolio-pages-3.jpg"},"description":"I am a shoe collector with a genuine passion for all things fashion. I am active on most social media platforms reviewing the latest collections from designer heels brands as well as sharing styling tips for the perfect high heel outfits. My mission is to share my experience buying and wearing designer heels, I hope you find my recommendations useful to select the perfect heels for every occasion. I have a 300+ designer heels collection featuring the most exclusive luxury brands with the likes of Christian Louboutin, Casadei, Giuseppe Zanotti, YSL, Le Silla, Valentino and many more. When I am not busy buying new shoes I enjoy travelling, exploring new cuisines, cities and relaxing holiday retreats.","sameAs":["https:\/\/anjaliesa.com","https:\/\/instagram.com\/anjaliesa","https:\/\/www.youtube.com\/channel\/UCeqqahp3ZToz9mp8pma-ohg"]}]}},"_links":{"self":[{"href":"https:\/\/anjaliesa.com\/de\/wp-json\/wp\/v2\/product\/4355","targetHints":{"allow":["GET"]}}],"collection":[{"href":"https:\/\/anjaliesa.com\/de\/wp-json\/wp\/v2\/product"}],"about":[{"href":"https:\/\/anjaliesa.com\/de\/wp-json\/wp\/v2\/types\/product"}],"wp:featuredmedia":[{"embeddable":true,"href":"https:\/\/anjaliesa.com\/de\/wp-json\/wp\/v2\/media\/4151"}],"wp:attachment":[{"href":"https:\/\/anjaliesa.com\/de\/wp-json\/wp\/v2\/media?parent=4355"}],"wp:term":[{"taxonomy":"product_brand","embeddable":true,"href":"https:\/\/anjaliesa.com\/de\/wp-json\/wp\/v2\/product_brand?post=4355"},{"taxonomy":"product_cat","embeddable":true,"href":"https:\/\/anjaliesa.com\/de\/wp-json\/wp\/v2\/product_cat?post=4355"},{"taxonomy":"product_tag","embeddable":true,"href":"https:\/\/anjaliesa.com\/de\/wp-json\/wp\/v2\/product_tag?post=4355"}],"curies":[{"name":"wp","href":"https:\/\/api.w.org\/{rel}","templated":true}]}}