{"id":4346,"date":"2022-07-19T20:42:38","date_gmt":"2022-07-19T20:42:38","guid":{"rendered":"https:\/\/anjaliesa.com\/shop\/jimmy-choo-sacora-100-sandalen\/"},"modified":"2022-07-19T20:42:38","modified_gmt":"2022-07-19T20:42:38","slug":"jimmy-choo-sacora-100-sandalen","status":"publish","type":"product","link":"https:\/\/anjaliesa.com\/de\/shop\/jimmy-choo-sacora-100-sandalen\/","title":{"rendered":"Jimmy Choo Sacora 100 Sandalen"},"content":{"rendered":"","protected":false},"excerpt":{"rendered":"<div class=\"_1bcfc9\" tabindex=\"0\">\n<div class=\"_ab46e0\">\n<p class=\"_b4693b\" data-tstid=\"fullDescription\">Diese Sacora-Sandalen von Jimmy Choo haben ein wundersch\u00f6nes, vom Vintage-Stil inspiriertes Design und verf\u00fcgen \u00fcber einen eleganten V-Ausschnitt mit Peep-Toe. Sie sind aus wei\u00dfem Satin und geh\u00f6ren zur Brautboutique von Jimmy Choo. Mit ihrer durchgehenden Perlenverzierung sind sie eine dekadente Wahl. Sie werden mit einem Kn\u00f6chelriemen mit seitlichem Schnallenverschluss gesichert und haben einen schlanken, hohen Stilettoabsatz.<\/p>\n<\/p><\/div>\n<div class=\"_df8766 _ab46e0\">\n<p class=\"_b4693b\" data-tstid=\"madeIn\">Hergestellt in Italien<\/p>\n<\/p><\/div>\n<\/p><\/div>\n<div class=\"_1bcfc9\" tabindex=\"0\">\n<div class=\"_022d97 _ab46e0\" data-tstid=\"theDetails-part2\">\n<div class=\"_1b910b _ab46e0\">\n<h4 class=\"_b4693b _61a1ae _9898cd\">Zusammensetzung<\/h4>\n<p class=\"_aa69b4\">Sohle: Leder 100%<\/p>\n<p class=\"_aa69b4\">\u00c4u\u00dferes: Kalbsleder 100%, Seide 100%<\/p>\n<p class=\"_aa69b4\">Innenfutter: Ziegenhaut 100%<\/p>\n<\/p><\/div>\n<\/p><\/div>\n<\/p><\/div>\n","protected":false},"featured_media":4120,"template":"","meta":[],"product_brand":[],"product_cat":[111],"product_tag":[],"class_list":{"0":"post-4346","1":"product","2":"type-product","3":"status-publish","4":"has-post-thumbnail","6":"product_cat-neuankommlinge-heis-in-dieser-saison","8":"first","9":"instock","10":"shipping-taxable","11":"product-type-external"},"yoast_head":"<!-- This site is optimized with the Yoast SEO plugin v27.3 - https:\/\/yoast.com\/product\/yoast-seo-wordpress\/ -->\n<title>Jimmy Choo Sacora 100 Sandalen - Anja Liesa<\/title>\n<meta name=\"robots\" content=\"index, follow, max-snippet:-1, max-image-preview:large, max-video-preview:-1\" \/>\n<link rel=\"canonical\" href=\"https:\/\/anjaliesa.com\/de\/shop\/jimmy-choo-sacora-100-sandalen\/\" \/>\n<meta property=\"og:locale\" content=\"de_DE\" \/>\n<meta property=\"og:type\" content=\"article\" \/>\n<meta property=\"og:title\" content=\"Jimmy Choo Sacora 100 Sandalen - Anja Liesa\" \/>\n<meta property=\"og:description\" content=\"Diese Sacora-Sandalen von Jimmy Choo haben ein wundersch\u00f6nes, vom Vintage-Stil inspiriertes Design und verf\u00fcgen \u00fcber einen eleganten V-Ausschnitt mit Peep-Toe. Sie sind aus wei\u00dfem Satin und geh\u00f6ren zur Brautboutique von Jimmy Choo. Mit ihrer durchgehenden Perlenverzierung sind sie eine dekadente Wahl. Sie werden mit einem Kn\u00f6chelriemen mit seitlichem Schnallenverschluss gesichert und haben einen schlanken, hohen Stilettoabsatz.                                                    Hergestellt in Italien                                                                                             Zusammensetzung                  Sohle: Leder 100%                  \u00c4u\u00dferes: Kalbsleder 100%, Seide 100%                  Innenfutter: Ziegenhaut 100%\" \/>\n<meta property=\"og:url\" content=\"https:\/\/anjaliesa.com\/de\/shop\/jimmy-choo-sacora-100-sandalen\/\" \/>\n<meta property=\"og:site_name\" content=\"Anja Liesa\" \/>\n<meta property=\"og:image\" content=\"https:\/\/anjaliesa.com\/wp-content\/uploads\/2022\/07\/product-image-2.jpg\" \/>\n\t<meta property=\"og:image:width\" content=\"2310\" \/>\n\t<meta property=\"og:image:height\" content=\"2560\" \/>\n\t<meta property=\"og:image:type\" content=\"image\/jpeg\" \/>\n<meta name=\"twitter:card\" content=\"summary_large_image\" \/>\n<script type=\"application\/ld+json\" class=\"yoast-schema-graph\">{\"@context\":\"https:\\\/\\\/schema.org\",\"@graph\":[{\"@type\":\"WebPage\",\"@id\":\"https:\\\/\\\/anjaliesa.com\\\/de\\\/shop\\\/jimmy-choo-sacora-100-sandalen\\\/\",\"url\":\"https:\\\/\\\/anjaliesa.com\\\/de\\\/shop\\\/jimmy-choo-sacora-100-sandalen\\\/\",\"name\":\"Jimmy Choo Sacora 100 Sandalen - Anja Liesa\",\"isPartOf\":{\"@id\":\"https:\\\/\\\/anjaliesa.com\\\/de\\\/#website\"},\"primaryImageOfPage\":{\"@id\":\"https:\\\/\\\/anjaliesa.com\\\/de\\\/shop\\\/jimmy-choo-sacora-100-sandalen\\\/#primaryimage\"},\"image\":{\"@id\":\"https:\\\/\\\/anjaliesa.com\\\/de\\\/shop\\\/jimmy-choo-sacora-100-sandalen\\\/#primaryimage\"},\"thumbnailUrl\":\"https:\\\/\\\/anjaliesa.com\\\/wp-content\\\/uploads\\\/2022\\\/07\\\/product-image-2.jpg\",\"datePublished\":\"2022-07-19T20:42:38+00:00\",\"breadcrumb\":{\"@id\":\"https:\\\/\\\/anjaliesa.com\\\/de\\\/shop\\\/jimmy-choo-sacora-100-sandalen\\\/#breadcrumb\"},\"inLanguage\":\"de\",\"potentialAction\":[{\"@type\":\"ReadAction\",\"target\":[\"https:\\\/\\\/anjaliesa.com\\\/de\\\/shop\\\/jimmy-choo-sacora-100-sandalen\\\/\"]}]},{\"@type\":\"ImageObject\",\"inLanguage\":\"de\",\"@id\":\"https:\\\/\\\/anjaliesa.com\\\/de\\\/shop\\\/jimmy-choo-sacora-100-sandalen\\\/#primaryimage\",\"url\":\"https:\\\/\\\/anjaliesa.com\\\/wp-content\\\/uploads\\\/2022\\\/07\\\/product-image-2.jpg\",\"contentUrl\":\"https:\\\/\\\/anjaliesa.com\\\/wp-content\\\/uploads\\\/2022\\\/07\\\/product-image-2.jpg\",\"width\":2310,\"height\":2560,\"caption\":\"jimmy choo secora 100\"},{\"@type\":\"BreadcrumbList\",\"@id\":\"https:\\\/\\\/anjaliesa.com\\\/de\\\/shop\\\/jimmy-choo-sacora-100-sandalen\\\/#breadcrumb\",\"itemListElement\":[{\"@type\":\"ListItem\",\"position\":1,\"name\":\"Home\",\"item\":\"https:\\\/\\\/anjaliesa.com\\\/de\\\/anja-liesa\\\/\"},{\"@type\":\"ListItem\",\"position\":2,\"name\":\"Shop\",\"item\":\"https:\\\/\\\/anjaliesa.com\\\/de\\\/shop-2\\\/\"},{\"@type\":\"ListItem\",\"position\":3,\"name\":\"Jimmy Choo Sacora 100 Sandalen\"}]},{\"@type\":\"WebSite\",\"@id\":\"https:\\\/\\\/anjaliesa.com\\\/de\\\/#website\",\"url\":\"https:\\\/\\\/anjaliesa.com\\\/de\\\/\",\"name\":\"Anja Liesa\",\"description\":\"\",\"publisher\":{\"@id\":\"https:\\\/\\\/anjaliesa.com\\\/de\\\/#\\\/schema\\\/person\\\/84b62af248ed91fb287e5e99bd6e6857\"},\"potentialAction\":[{\"@type\":\"SearchAction\",\"target\":{\"@type\":\"EntryPoint\",\"urlTemplate\":\"https:\\\/\\\/anjaliesa.com\\\/de\\\/?s={search_term_string}\"},\"query-input\":{\"@type\":\"PropertyValueSpecification\",\"valueRequired\":true,\"valueName\":\"search_term_string\"}}],\"inLanguage\":\"de\"},{\"@type\":[\"Person\",\"Organization\"],\"@id\":\"https:\\\/\\\/anjaliesa.com\\\/de\\\/#\\\/schema\\\/person\\\/84b62af248ed91fb287e5e99bd6e6857\",\"name\":\"Anja Liesa\",\"image\":{\"@type\":\"ImageObject\",\"inLanguage\":\"de\",\"@id\":\"https:\\\/\\\/anjaliesa.com\\\/wp-content\\\/uploads\\\/2022\\\/01\\\/category-portfolio-pages-3.jpg\",\"url\":\"https:\\\/\\\/anjaliesa.com\\\/wp-content\\\/uploads\\\/2022\\\/01\\\/category-portfolio-pages-3.jpg\",\"contentUrl\":\"https:\\\/\\\/anjaliesa.com\\\/wp-content\\\/uploads\\\/2022\\\/01\\\/category-portfolio-pages-3.jpg\",\"width\":2300,\"height\":1600,\"caption\":\"Anja Liesa\"},\"logo\":{\"@id\":\"https:\\\/\\\/anjaliesa.com\\\/wp-content\\\/uploads\\\/2022\\\/01\\\/category-portfolio-pages-3.jpg\"},\"description\":\"I am a shoe collector with a genuine passion for all things fashion. I am active on most social media platforms reviewing the latest collections from designer heels brands as well as sharing styling tips for the perfect high heel outfits. My mission is to share my experience buying and wearing designer heels, I hope you find my recommendations useful to select the perfect heels for every occasion. I have a 300+ designer heels collection featuring the most exclusive luxury brands with the likes of Christian Louboutin, Casadei, Giuseppe Zanotti, YSL, Le Silla, Valentino and many more. When I am not busy buying new shoes I enjoy travelling, exploring new cuisines, cities and relaxing holiday retreats.\",\"sameAs\":[\"https:\\\/\\\/anjaliesa.com\",\"https:\\\/\\\/instagram.com\\\/anjaliesa\",\"https:\\\/\\\/www.youtube.com\\\/channel\\\/UCeqqahp3ZToz9mp8pma-ohg\"]}]}<\/script>\n<!-- \/ Yoast SEO plugin. -->","yoast_head_json":{"title":"Jimmy Choo Sacora 100 Sandalen - Anja Liesa","robots":{"index":"index","follow":"follow","max-snippet":"max-snippet:-1","max-image-preview":"max-image-preview:large","max-video-preview":"max-video-preview:-1"},"canonical":"https:\/\/anjaliesa.com\/de\/shop\/jimmy-choo-sacora-100-sandalen\/","og_locale":"de_DE","og_type":"article","og_title":"Jimmy Choo Sacora 100 Sandalen - Anja Liesa","og_description":"Diese Sacora-Sandalen von Jimmy Choo haben ein wundersch\u00f6nes, vom Vintage-Stil inspiriertes Design und verf\u00fcgen \u00fcber einen eleganten V-Ausschnitt mit Peep-Toe. Sie sind aus wei\u00dfem Satin und geh\u00f6ren zur Brautboutique von Jimmy Choo. Mit ihrer durchgehenden Perlenverzierung sind sie eine dekadente Wahl. Sie werden mit einem Kn\u00f6chelriemen mit seitlichem Schnallenverschluss gesichert und haben einen schlanken, hohen Stilettoabsatz.                                                    Hergestellt in Italien                                                                                             Zusammensetzung                  Sohle: Leder 100%                  \u00c4u\u00dferes: Kalbsleder 100%, Seide 100%                  Innenfutter: Ziegenhaut 100%","og_url":"https:\/\/anjaliesa.com\/de\/shop\/jimmy-choo-sacora-100-sandalen\/","og_site_name":"Anja Liesa","og_image":[{"width":2310,"height":2560,"url":"https:\/\/anjaliesa.com\/wp-content\/uploads\/2022\/07\/product-image-2.jpg","type":"image\/jpeg"}],"twitter_card":"summary_large_image","schema":{"@context":"https:\/\/schema.org","@graph":[{"@type":"WebPage","@id":"https:\/\/anjaliesa.com\/de\/shop\/jimmy-choo-sacora-100-sandalen\/","url":"https:\/\/anjaliesa.com\/de\/shop\/jimmy-choo-sacora-100-sandalen\/","name":"Jimmy Choo Sacora 100 Sandalen - Anja Liesa","isPartOf":{"@id":"https:\/\/anjaliesa.com\/de\/#website"},"primaryImageOfPage":{"@id":"https:\/\/anjaliesa.com\/de\/shop\/jimmy-choo-sacora-100-sandalen\/#primaryimage"},"image":{"@id":"https:\/\/anjaliesa.com\/de\/shop\/jimmy-choo-sacora-100-sandalen\/#primaryimage"},"thumbnailUrl":"https:\/\/anjaliesa.com\/wp-content\/uploads\/2022\/07\/product-image-2.jpg","datePublished":"2022-07-19T20:42:38+00:00","breadcrumb":{"@id":"https:\/\/anjaliesa.com\/de\/shop\/jimmy-choo-sacora-100-sandalen\/#breadcrumb"},"inLanguage":"de","potentialAction":[{"@type":"ReadAction","target":["https:\/\/anjaliesa.com\/de\/shop\/jimmy-choo-sacora-100-sandalen\/"]}]},{"@type":"ImageObject","inLanguage":"de","@id":"https:\/\/anjaliesa.com\/de\/shop\/jimmy-choo-sacora-100-sandalen\/#primaryimage","url":"https:\/\/anjaliesa.com\/wp-content\/uploads\/2022\/07\/product-image-2.jpg","contentUrl":"https:\/\/anjaliesa.com\/wp-content\/uploads\/2022\/07\/product-image-2.jpg","width":2310,"height":2560,"caption":"jimmy choo secora 100"},{"@type":"BreadcrumbList","@id":"https:\/\/anjaliesa.com\/de\/shop\/jimmy-choo-sacora-100-sandalen\/#breadcrumb","itemListElement":[{"@type":"ListItem","position":1,"name":"Home","item":"https:\/\/anjaliesa.com\/de\/anja-liesa\/"},{"@type":"ListItem","position":2,"name":"Shop","item":"https:\/\/anjaliesa.com\/de\/shop-2\/"},{"@type":"ListItem","position":3,"name":"Jimmy Choo Sacora 100 Sandalen"}]},{"@type":"WebSite","@id":"https:\/\/anjaliesa.com\/de\/#website","url":"https:\/\/anjaliesa.com\/de\/","name":"Anja Liesa","description":"","publisher":{"@id":"https:\/\/anjaliesa.com\/de\/#\/schema\/person\/84b62af248ed91fb287e5e99bd6e6857"},"potentialAction":[{"@type":"SearchAction","target":{"@type":"EntryPoint","urlTemplate":"https:\/\/anjaliesa.com\/de\/?s={search_term_string}"},"query-input":{"@type":"PropertyValueSpecification","valueRequired":true,"valueName":"search_term_string"}}],"inLanguage":"de"},{"@type":["Person","Organization"],"@id":"https:\/\/anjaliesa.com\/de\/#\/schema\/person\/84b62af248ed91fb287e5e99bd6e6857","name":"Anja Liesa","image":{"@type":"ImageObject","inLanguage":"de","@id":"https:\/\/anjaliesa.com\/wp-content\/uploads\/2022\/01\/category-portfolio-pages-3.jpg","url":"https:\/\/anjaliesa.com\/wp-content\/uploads\/2022\/01\/category-portfolio-pages-3.jpg","contentUrl":"https:\/\/anjaliesa.com\/wp-content\/uploads\/2022\/01\/category-portfolio-pages-3.jpg","width":2300,"height":1600,"caption":"Anja Liesa"},"logo":{"@id":"https:\/\/anjaliesa.com\/wp-content\/uploads\/2022\/01\/category-portfolio-pages-3.jpg"},"description":"I am a shoe collector with a genuine passion for all things fashion. I am active on most social media platforms reviewing the latest collections from designer heels brands as well as sharing styling tips for the perfect high heel outfits. My mission is to share my experience buying and wearing designer heels, I hope you find my recommendations useful to select the perfect heels for every occasion. I have a 300+ designer heels collection featuring the most exclusive luxury brands with the likes of Christian Louboutin, Casadei, Giuseppe Zanotti, YSL, Le Silla, Valentino and many more. When I am not busy buying new shoes I enjoy travelling, exploring new cuisines, cities and relaxing holiday retreats.","sameAs":["https:\/\/anjaliesa.com","https:\/\/instagram.com\/anjaliesa","https:\/\/www.youtube.com\/channel\/UCeqqahp3ZToz9mp8pma-ohg"]}]}},"_links":{"self":[{"href":"https:\/\/anjaliesa.com\/de\/wp-json\/wp\/v2\/product\/4346","targetHints":{"allow":["GET"]}}],"collection":[{"href":"https:\/\/anjaliesa.com\/de\/wp-json\/wp\/v2\/product"}],"about":[{"href":"https:\/\/anjaliesa.com\/de\/wp-json\/wp\/v2\/types\/product"}],"wp:featuredmedia":[{"embeddable":true,"href":"https:\/\/anjaliesa.com\/de\/wp-json\/wp\/v2\/media\/4120"}],"wp:attachment":[{"href":"https:\/\/anjaliesa.com\/de\/wp-json\/wp\/v2\/media?parent=4346"}],"wp:term":[{"taxonomy":"product_brand","embeddable":true,"href":"https:\/\/anjaliesa.com\/de\/wp-json\/wp\/v2\/product_brand?post=4346"},{"taxonomy":"product_cat","embeddable":true,"href":"https:\/\/anjaliesa.com\/de\/wp-json\/wp\/v2\/product_cat?post=4346"},{"taxonomy":"product_tag","embeddable":true,"href":"https:\/\/anjaliesa.com\/de\/wp-json\/wp\/v2\/product_tag?post=4346"}],"curies":[{"name":"wp","href":"https:\/\/api.w.org\/{rel}","templated":true}]}}