{"id":4334,"date":"2023-02-28T23:12:29","date_gmt":"2023-02-28T23:12:29","guid":{"rendered":"https:\/\/anjaliesa.com\/shop\/vorgetragene-christian-louboutin-penny-loafer-pumpe-hellbraun\/"},"modified":"2023-12-22T15:28:18","modified_gmt":"2023-12-22T15:28:18","slug":"vorgetragene-christian-louboutin-penny-loafer-pumpe-hellbraun","status":"publish","type":"product","link":"https:\/\/anjaliesa.com\/de\/shop\/vorgetragene-christian-louboutin-penny-loafer-pumpe-hellbraun\/","title":{"rendered":"Vorgetragene Christian Louboutin Penny Loafer Pumpe Hellbraun"},"content":{"rendered":"","protected":false},"excerpt":{"rendered":"<p>Aus meiner pers\u00f6nlichen Sammlung, ein gebrauchtes Paar Christian Louboutin Penny Loafer Pump Light Brown<\/p>\n<ul>\n<li>Absatzh\u00f6he: 100mm<\/li>\n<li>Gr\u00f6\u00dfe: Gr\u00f6\u00dfe: 38 EU \/ 8 US \/ 5 UK<\/li>\n<li>Hergestellt in Italien<\/li>\n<\/ul>\n","protected":false},"featured_media":4210,"template":"","meta":[],"product_brand":[],"product_cat":[108],"product_tag":[109],"class_list":{"0":"post-4334","1":"product","2":"type-product","3":"status-publish","4":"has-post-thumbnail","6":"product_cat-anja-liesas-kollektion-im-verkauf","7":"product_tag-christian-louboutin-de","9":"first","10":"instock","11":"shipping-taxable","12":"purchasable","13":"product-type-simple"},"yoast_head":"<!-- This site is optimized with the Yoast SEO plugin v27.3 - https:\/\/yoast.com\/product\/yoast-seo-wordpress\/ -->\n<title>Vorgetragene Christian Louboutin Penny Loafer Pumpe Hellbraun - Anja Liesa<\/title>\n<meta name=\"robots\" content=\"index, follow, max-snippet:-1, max-image-preview:large, max-video-preview:-1\" \/>\n<link rel=\"canonical\" href=\"https:\/\/anjaliesa.com\/de\/shop\/vorgetragene-christian-louboutin-penny-loafer-pumpe-hellbraun\/\" \/>\n<meta property=\"og:locale\" content=\"de_DE\" \/>\n<meta property=\"og:type\" content=\"article\" \/>\n<meta property=\"og:title\" content=\"Vorgetragene Christian Louboutin Penny Loafer Pumpe Hellbraun - Anja Liesa\" \/>\n<meta property=\"og:description\" content=\"Aus meiner pers\u00f6nlichen Sammlung, ein gebrauchtes Paar Christian Louboutin Penny Loafer Pump Light Brown  Absatzh\u00f6he: 100mm  Gr\u00f6\u00dfe: Gr\u00f6\u00dfe: 38 EU \/ 8 US \/ 5 UK  Hergestellt in Italien\" \/>\n<meta property=\"og:url\" content=\"https:\/\/anjaliesa.com\/de\/shop\/vorgetragene-christian-louboutin-penny-loafer-pumpe-hellbraun\/\" \/>\n<meta property=\"og:site_name\" content=\"Anja Liesa\" \/>\n<meta property=\"article:modified_time\" content=\"2023-12-22T15:28:18+00:00\" \/>\n<meta property=\"og:image\" content=\"https:\/\/anjaliesa.com\/wp-content\/uploads\/2023\/02\/product-image-59.jpg\" \/>\n\t<meta property=\"og:image:width\" content=\"2310\" \/>\n\t<meta property=\"og:image:height\" content=\"2560\" \/>\n\t<meta property=\"og:image:type\" content=\"image\/jpeg\" \/>\n<meta name=\"twitter:card\" content=\"summary_large_image\" \/>\n<script type=\"application\/ld+json\" class=\"yoast-schema-graph\">{\"@context\":\"https:\\\/\\\/schema.org\",\"@graph\":[{\"@type\":\"WebPage\",\"@id\":\"https:\\\/\\\/anjaliesa.com\\\/de\\\/shop\\\/vorgetragene-christian-louboutin-penny-loafer-pumpe-hellbraun\\\/\",\"url\":\"https:\\\/\\\/anjaliesa.com\\\/de\\\/shop\\\/vorgetragene-christian-louboutin-penny-loafer-pumpe-hellbraun\\\/\",\"name\":\"Vorgetragene Christian Louboutin Penny Loafer Pumpe Hellbraun - Anja Liesa\",\"isPartOf\":{\"@id\":\"https:\\\/\\\/anjaliesa.com\\\/de\\\/#website\"},\"primaryImageOfPage\":{\"@id\":\"https:\\\/\\\/anjaliesa.com\\\/de\\\/shop\\\/vorgetragene-christian-louboutin-penny-loafer-pumpe-hellbraun\\\/#primaryimage\"},\"image\":{\"@id\":\"https:\\\/\\\/anjaliesa.com\\\/de\\\/shop\\\/vorgetragene-christian-louboutin-penny-loafer-pumpe-hellbraun\\\/#primaryimage\"},\"thumbnailUrl\":\"https:\\\/\\\/anjaliesa.com\\\/wp-content\\\/uploads\\\/2023\\\/02\\\/product-image-59.jpg\",\"datePublished\":\"2023-02-28T23:12:29+00:00\",\"dateModified\":\"2023-12-22T15:28:18+00:00\",\"breadcrumb\":{\"@id\":\"https:\\\/\\\/anjaliesa.com\\\/de\\\/shop\\\/vorgetragene-christian-louboutin-penny-loafer-pumpe-hellbraun\\\/#breadcrumb\"},\"inLanguage\":\"de\",\"potentialAction\":[{\"@type\":\"ReadAction\",\"target\":[\"https:\\\/\\\/anjaliesa.com\\\/de\\\/shop\\\/vorgetragene-christian-louboutin-penny-loafer-pumpe-hellbraun\\\/\"]}]},{\"@type\":\"ImageObject\",\"inLanguage\":\"de\",\"@id\":\"https:\\\/\\\/anjaliesa.com\\\/de\\\/shop\\\/vorgetragene-christian-louboutin-penny-loafer-pumpe-hellbraun\\\/#primaryimage\",\"url\":\"https:\\\/\\\/anjaliesa.com\\\/wp-content\\\/uploads\\\/2023\\\/02\\\/product-image-59.jpg\",\"contentUrl\":\"https:\\\/\\\/anjaliesa.com\\\/wp-content\\\/uploads\\\/2023\\\/02\\\/product-image-59.jpg\",\"width\":2310,\"height\":2560,\"caption\":\"Louboutin Penny Loafer Pumps Hellbraun\"},{\"@type\":\"BreadcrumbList\",\"@id\":\"https:\\\/\\\/anjaliesa.com\\\/de\\\/shop\\\/vorgetragene-christian-louboutin-penny-loafer-pumpe-hellbraun\\\/#breadcrumb\",\"itemListElement\":[{\"@type\":\"ListItem\",\"position\":1,\"name\":\"Home\",\"item\":\"https:\\\/\\\/anjaliesa.com\\\/de\\\/anja-liesa\\\/\"},{\"@type\":\"ListItem\",\"position\":2,\"name\":\"Shop\",\"item\":\"https:\\\/\\\/anjaliesa.com\\\/de\\\/shop-2\\\/\"},{\"@type\":\"ListItem\",\"position\":3,\"name\":\"Vorgetragene Christian Louboutin Penny Loafer Pumpe Hellbraun\"}]},{\"@type\":\"WebSite\",\"@id\":\"https:\\\/\\\/anjaliesa.com\\\/de\\\/#website\",\"url\":\"https:\\\/\\\/anjaliesa.com\\\/de\\\/\",\"name\":\"Anja Liesa\",\"description\":\"\",\"publisher\":{\"@id\":\"https:\\\/\\\/anjaliesa.com\\\/de\\\/#\\\/schema\\\/person\\\/84b62af248ed91fb287e5e99bd6e6857\"},\"potentialAction\":[{\"@type\":\"SearchAction\",\"target\":{\"@type\":\"EntryPoint\",\"urlTemplate\":\"https:\\\/\\\/anjaliesa.com\\\/de\\\/?s={search_term_string}\"},\"query-input\":{\"@type\":\"PropertyValueSpecification\",\"valueRequired\":true,\"valueName\":\"search_term_string\"}}],\"inLanguage\":\"de\"},{\"@type\":[\"Person\",\"Organization\"],\"@id\":\"https:\\\/\\\/anjaliesa.com\\\/de\\\/#\\\/schema\\\/person\\\/84b62af248ed91fb287e5e99bd6e6857\",\"name\":\"Anja Liesa\",\"image\":{\"@type\":\"ImageObject\",\"inLanguage\":\"de\",\"@id\":\"https:\\\/\\\/anjaliesa.com\\\/wp-content\\\/uploads\\\/2022\\\/01\\\/category-portfolio-pages-3.jpg\",\"url\":\"https:\\\/\\\/anjaliesa.com\\\/wp-content\\\/uploads\\\/2022\\\/01\\\/category-portfolio-pages-3.jpg\",\"contentUrl\":\"https:\\\/\\\/anjaliesa.com\\\/wp-content\\\/uploads\\\/2022\\\/01\\\/category-portfolio-pages-3.jpg\",\"width\":2300,\"height\":1600,\"caption\":\"Anja Liesa\"},\"logo\":{\"@id\":\"https:\\\/\\\/anjaliesa.com\\\/wp-content\\\/uploads\\\/2022\\\/01\\\/category-portfolio-pages-3.jpg\"},\"description\":\"I am a shoe collector with a genuine passion for all things fashion. I am active on most social media platforms reviewing the latest collections from designer heels brands as well as sharing styling tips for the perfect high heel outfits. My mission is to share my experience buying and wearing designer heels, I hope you find my recommendations useful to select the perfect heels for every occasion. I have a 300+ designer heels collection featuring the most exclusive luxury brands with the likes of Christian Louboutin, Casadei, Giuseppe Zanotti, YSL, Le Silla, Valentino and many more. When I am not busy buying new shoes I enjoy travelling, exploring new cuisines, cities and relaxing holiday retreats.\",\"sameAs\":[\"https:\\\/\\\/anjaliesa.com\",\"https:\\\/\\\/instagram.com\\\/anjaliesa\",\"https:\\\/\\\/www.youtube.com\\\/channel\\\/UCeqqahp3ZToz9mp8pma-ohg\"]}]}<\/script>\n<!-- \/ Yoast SEO plugin. -->","yoast_head_json":{"title":"Vorgetragene Christian Louboutin Penny Loafer Pumpe Hellbraun - Anja Liesa","robots":{"index":"index","follow":"follow","max-snippet":"max-snippet:-1","max-image-preview":"max-image-preview:large","max-video-preview":"max-video-preview:-1"},"canonical":"https:\/\/anjaliesa.com\/de\/shop\/vorgetragene-christian-louboutin-penny-loafer-pumpe-hellbraun\/","og_locale":"de_DE","og_type":"article","og_title":"Vorgetragene Christian Louboutin Penny Loafer Pumpe Hellbraun - Anja Liesa","og_description":"Aus meiner pers\u00f6nlichen Sammlung, ein gebrauchtes Paar Christian Louboutin Penny Loafer Pump Light Brown  Absatzh\u00f6he: 100mm  Gr\u00f6\u00dfe: Gr\u00f6\u00dfe: 38 EU \/ 8 US \/ 5 UK  Hergestellt in Italien","og_url":"https:\/\/anjaliesa.com\/de\/shop\/vorgetragene-christian-louboutin-penny-loafer-pumpe-hellbraun\/","og_site_name":"Anja Liesa","article_modified_time":"2023-12-22T15:28:18+00:00","og_image":[{"width":2310,"height":2560,"url":"https:\/\/anjaliesa.com\/wp-content\/uploads\/2023\/02\/product-image-59.jpg","type":"image\/jpeg"}],"twitter_card":"summary_large_image","schema":{"@context":"https:\/\/schema.org","@graph":[{"@type":"WebPage","@id":"https:\/\/anjaliesa.com\/de\/shop\/vorgetragene-christian-louboutin-penny-loafer-pumpe-hellbraun\/","url":"https:\/\/anjaliesa.com\/de\/shop\/vorgetragene-christian-louboutin-penny-loafer-pumpe-hellbraun\/","name":"Vorgetragene Christian Louboutin Penny Loafer Pumpe Hellbraun - Anja Liesa","isPartOf":{"@id":"https:\/\/anjaliesa.com\/de\/#website"},"primaryImageOfPage":{"@id":"https:\/\/anjaliesa.com\/de\/shop\/vorgetragene-christian-louboutin-penny-loafer-pumpe-hellbraun\/#primaryimage"},"image":{"@id":"https:\/\/anjaliesa.com\/de\/shop\/vorgetragene-christian-louboutin-penny-loafer-pumpe-hellbraun\/#primaryimage"},"thumbnailUrl":"https:\/\/anjaliesa.com\/wp-content\/uploads\/2023\/02\/product-image-59.jpg","datePublished":"2023-02-28T23:12:29+00:00","dateModified":"2023-12-22T15:28:18+00:00","breadcrumb":{"@id":"https:\/\/anjaliesa.com\/de\/shop\/vorgetragene-christian-louboutin-penny-loafer-pumpe-hellbraun\/#breadcrumb"},"inLanguage":"de","potentialAction":[{"@type":"ReadAction","target":["https:\/\/anjaliesa.com\/de\/shop\/vorgetragene-christian-louboutin-penny-loafer-pumpe-hellbraun\/"]}]},{"@type":"ImageObject","inLanguage":"de","@id":"https:\/\/anjaliesa.com\/de\/shop\/vorgetragene-christian-louboutin-penny-loafer-pumpe-hellbraun\/#primaryimage","url":"https:\/\/anjaliesa.com\/wp-content\/uploads\/2023\/02\/product-image-59.jpg","contentUrl":"https:\/\/anjaliesa.com\/wp-content\/uploads\/2023\/02\/product-image-59.jpg","width":2310,"height":2560,"caption":"Louboutin Penny Loafer Pumps Hellbraun"},{"@type":"BreadcrumbList","@id":"https:\/\/anjaliesa.com\/de\/shop\/vorgetragene-christian-louboutin-penny-loafer-pumpe-hellbraun\/#breadcrumb","itemListElement":[{"@type":"ListItem","position":1,"name":"Home","item":"https:\/\/anjaliesa.com\/de\/anja-liesa\/"},{"@type":"ListItem","position":2,"name":"Shop","item":"https:\/\/anjaliesa.com\/de\/shop-2\/"},{"@type":"ListItem","position":3,"name":"Vorgetragene Christian Louboutin Penny Loafer Pumpe Hellbraun"}]},{"@type":"WebSite","@id":"https:\/\/anjaliesa.com\/de\/#website","url":"https:\/\/anjaliesa.com\/de\/","name":"Anja Liesa","description":"","publisher":{"@id":"https:\/\/anjaliesa.com\/de\/#\/schema\/person\/84b62af248ed91fb287e5e99bd6e6857"},"potentialAction":[{"@type":"SearchAction","target":{"@type":"EntryPoint","urlTemplate":"https:\/\/anjaliesa.com\/de\/?s={search_term_string}"},"query-input":{"@type":"PropertyValueSpecification","valueRequired":true,"valueName":"search_term_string"}}],"inLanguage":"de"},{"@type":["Person","Organization"],"@id":"https:\/\/anjaliesa.com\/de\/#\/schema\/person\/84b62af248ed91fb287e5e99bd6e6857","name":"Anja Liesa","image":{"@type":"ImageObject","inLanguage":"de","@id":"https:\/\/anjaliesa.com\/wp-content\/uploads\/2022\/01\/category-portfolio-pages-3.jpg","url":"https:\/\/anjaliesa.com\/wp-content\/uploads\/2022\/01\/category-portfolio-pages-3.jpg","contentUrl":"https:\/\/anjaliesa.com\/wp-content\/uploads\/2022\/01\/category-portfolio-pages-3.jpg","width":2300,"height":1600,"caption":"Anja Liesa"},"logo":{"@id":"https:\/\/anjaliesa.com\/wp-content\/uploads\/2022\/01\/category-portfolio-pages-3.jpg"},"description":"I am a shoe collector with a genuine passion for all things fashion. I am active on most social media platforms reviewing the latest collections from designer heels brands as well as sharing styling tips for the perfect high heel outfits. My mission is to share my experience buying and wearing designer heels, I hope you find my recommendations useful to select the perfect heels for every occasion. I have a 300+ designer heels collection featuring the most exclusive luxury brands with the likes of Christian Louboutin, Casadei, Giuseppe Zanotti, YSL, Le Silla, Valentino and many more. When I am not busy buying new shoes I enjoy travelling, exploring new cuisines, cities and relaxing holiday retreats.","sameAs":["https:\/\/anjaliesa.com","https:\/\/instagram.com\/anjaliesa","https:\/\/www.youtube.com\/channel\/UCeqqahp3ZToz9mp8pma-ohg"]}]}},"_links":{"self":[{"href":"https:\/\/anjaliesa.com\/de\/wp-json\/wp\/v2\/product\/4334","targetHints":{"allow":["GET"]}}],"collection":[{"href":"https:\/\/anjaliesa.com\/de\/wp-json\/wp\/v2\/product"}],"about":[{"href":"https:\/\/anjaliesa.com\/de\/wp-json\/wp\/v2\/types\/product"}],"wp:featuredmedia":[{"embeddable":true,"href":"https:\/\/anjaliesa.com\/de\/wp-json\/wp\/v2\/media\/4210"}],"wp:attachment":[{"href":"https:\/\/anjaliesa.com\/de\/wp-json\/wp\/v2\/media?parent=4334"}],"wp:term":[{"taxonomy":"product_brand","embeddable":true,"href":"https:\/\/anjaliesa.com\/de\/wp-json\/wp\/v2\/product_brand?post=4334"},{"taxonomy":"product_cat","embeddable":true,"href":"https:\/\/anjaliesa.com\/de\/wp-json\/wp\/v2\/product_cat?post=4334"},{"taxonomy":"product_tag","embeddable":true,"href":"https:\/\/anjaliesa.com\/de\/wp-json\/wp\/v2\/product_tag?post=4334"}],"curies":[{"name":"wp","href":"https:\/\/api.w.org\/{rel}","templated":true}]}}