{"id":4332,"date":"2023-12-19T13:38:35","date_gmt":"2023-12-19T13:38:35","guid":{"rendered":"https:\/\/anjaliesa.com\/shop\/paris-texas-dallas-wildleder-stiefeletten\/"},"modified":"2023-12-19T13:38:35","modified_gmt":"2023-12-19T13:38:35","slug":"paris-texas-dallas-wildleder-stiefeletten","status":"publish","type":"product","link":"https:\/\/anjaliesa.com\/de\/shop\/paris-texas-dallas-wildleder-stiefeletten\/","title":{"rendered":"PARIS TEXAS Dallas Wildleder-Stiefeletten"},"content":{"rendered":"","protected":false},"excerpt":{"rendered":"<p>Mit diesen trendigen Dallas-Stiefeln von Paris Texas im Western-Stil sind Sie stilvoll unterwegs. Diese Stiefel sind aus luxuri\u00f6sem Wildleder gefertigt und verf\u00fcgen \u00fcber eine elegante, spitze Schuhspitze. Die elastischen Zwickel sorgen f\u00fcr eine bequeme Passform, w\u00e4hrend die robusten kubanischen Abs\u00e4tze f\u00fcr einen Hauch von Flair sorgen. Die Stiefel sind mit einer strapazierf\u00e4higen Innensohle und Sohle aus Leder ausgestattet. Die italienische Handwerkskunst ist in jedem Detail erkennbar. Das Obermaterial ist aus hochwertigem Leder in einem raffinierten Angora-Ton gefertigt. Jedes Paar wird mit sch\u00fctzenden Staubbeuteln geliefert und ist elegant in einer Schachtel verpackt. Die elastischen Seiten des Stiefels erm\u00f6glichen ein einfaches Tragen und einen sicheren Sitz.<\/p>\n","protected":false},"featured_media":4258,"template":"","meta":[],"product_brand":[],"product_cat":[106],"product_tag":[107],"class_list":{"0":"post-4332","1":"product","2":"type-product","3":"status-publish","4":"has-post-thumbnail","6":"product_cat-klassiker-die-man-haben-muss","7":"product_tag-paris-texas-de","9":"first","10":"instock","11":"sale","12":"shipping-taxable","13":"product-type-external"},"yoast_head":"<!-- This site is optimized with the Yoast SEO plugin v27.3 - https:\/\/yoast.com\/product\/yoast-seo-wordpress\/ -->\n<title>PARIS TEXAS Dallas Wildleder-Stiefeletten - Anja Liesa<\/title>\n<meta name=\"robots\" content=\"index, follow, max-snippet:-1, max-image-preview:large, max-video-preview:-1\" \/>\n<link rel=\"canonical\" href=\"https:\/\/anjaliesa.com\/de\/shop\/paris-texas-dallas-wildleder-stiefeletten\/\" \/>\n<meta property=\"og:locale\" content=\"de_DE\" \/>\n<meta property=\"og:type\" content=\"article\" \/>\n<meta property=\"og:title\" content=\"PARIS TEXAS Dallas Wildleder-Stiefeletten - Anja Liesa\" \/>\n<meta property=\"og:description\" content=\"Mit diesen trendigen Dallas-Stiefeln von Paris Texas im Western-Stil sind Sie stilvoll unterwegs. Diese Stiefel sind aus luxuri\u00f6sem Wildleder gefertigt und verf\u00fcgen \u00fcber eine elegante, spitze Schuhspitze. Die elastischen Zwickel sorgen f\u00fcr eine bequeme Passform, w\u00e4hrend die robusten kubanischen Abs\u00e4tze f\u00fcr einen Hauch von Flair sorgen. Die Stiefel sind mit einer strapazierf\u00e4higen Innensohle und Sohle aus Leder ausgestattet. Die italienische Handwerkskunst ist in jedem Detail erkennbar. Das Obermaterial ist aus hochwertigem Leder in einem raffinierten Angora-Ton gefertigt. Jedes Paar wird mit sch\u00fctzenden Staubbeuteln geliefert und ist elegant in einer Schachtel verpackt. Die elastischen Seiten des Stiefels erm\u00f6glichen ein einfaches Tragen und einen sicheren Sitz.\" \/>\n<meta property=\"og:url\" content=\"https:\/\/anjaliesa.com\/de\/shop\/paris-texas-dallas-wildleder-stiefeletten\/\" \/>\n<meta property=\"og:site_name\" content=\"Anja Liesa\" \/>\n<meta property=\"og:image\" content=\"https:\/\/anjaliesa.com\/wp-content\/uploads\/2023\/12\/product-image-68.jpg\" \/>\n\t<meta property=\"og:image:width\" content=\"2310\" \/>\n\t<meta property=\"og:image:height\" content=\"2560\" \/>\n\t<meta property=\"og:image:type\" content=\"image\/jpeg\" \/>\n<meta name=\"twitter:card\" content=\"summary_large_image\" \/>\n<script type=\"application\/ld+json\" class=\"yoast-schema-graph\">{\"@context\":\"https:\\\/\\\/schema.org\",\"@graph\":[{\"@type\":\"WebPage\",\"@id\":\"https:\\\/\\\/anjaliesa.com\\\/de\\\/shop\\\/paris-texas-dallas-wildleder-stiefeletten\\\/\",\"url\":\"https:\\\/\\\/anjaliesa.com\\\/de\\\/shop\\\/paris-texas-dallas-wildleder-stiefeletten\\\/\",\"name\":\"PARIS TEXAS Dallas Wildleder-Stiefeletten - Anja Liesa\",\"isPartOf\":{\"@id\":\"https:\\\/\\\/anjaliesa.com\\\/de\\\/#website\"},\"primaryImageOfPage\":{\"@id\":\"https:\\\/\\\/anjaliesa.com\\\/de\\\/shop\\\/paris-texas-dallas-wildleder-stiefeletten\\\/#primaryimage\"},\"image\":{\"@id\":\"https:\\\/\\\/anjaliesa.com\\\/de\\\/shop\\\/paris-texas-dallas-wildleder-stiefeletten\\\/#primaryimage\"},\"thumbnailUrl\":\"https:\\\/\\\/anjaliesa.com\\\/wp-content\\\/uploads\\\/2023\\\/12\\\/product-image-68.jpg\",\"datePublished\":\"2023-12-19T13:38:35+00:00\",\"breadcrumb\":{\"@id\":\"https:\\\/\\\/anjaliesa.com\\\/de\\\/shop\\\/paris-texas-dallas-wildleder-stiefeletten\\\/#breadcrumb\"},\"inLanguage\":\"de\",\"potentialAction\":[{\"@type\":\"ReadAction\",\"target\":[\"https:\\\/\\\/anjaliesa.com\\\/de\\\/shop\\\/paris-texas-dallas-wildleder-stiefeletten\\\/\"]}]},{\"@type\":\"ImageObject\",\"inLanguage\":\"de\",\"@id\":\"https:\\\/\\\/anjaliesa.com\\\/de\\\/shop\\\/paris-texas-dallas-wildleder-stiefeletten\\\/#primaryimage\",\"url\":\"https:\\\/\\\/anjaliesa.com\\\/wp-content\\\/uploads\\\/2023\\\/12\\\/product-image-68.jpg\",\"contentUrl\":\"https:\\\/\\\/anjaliesa.com\\\/wp-content\\\/uploads\\\/2023\\\/12\\\/product-image-68.jpg\",\"width\":2310,\"height\":2560,\"caption\":\"PARIS TEXAS Dallas Wildleder-Stiefeletten\"},{\"@type\":\"BreadcrumbList\",\"@id\":\"https:\\\/\\\/anjaliesa.com\\\/de\\\/shop\\\/paris-texas-dallas-wildleder-stiefeletten\\\/#breadcrumb\",\"itemListElement\":[{\"@type\":\"ListItem\",\"position\":1,\"name\":\"Home\",\"item\":\"https:\\\/\\\/anjaliesa.com\\\/de\\\/anja-liesa\\\/\"},{\"@type\":\"ListItem\",\"position\":2,\"name\":\"Shop\",\"item\":\"https:\\\/\\\/anjaliesa.com\\\/de\\\/shop-2\\\/\"},{\"@type\":\"ListItem\",\"position\":3,\"name\":\"PARIS TEXAS Dallas Wildleder-Stiefeletten\"}]},{\"@type\":\"WebSite\",\"@id\":\"https:\\\/\\\/anjaliesa.com\\\/de\\\/#website\",\"url\":\"https:\\\/\\\/anjaliesa.com\\\/de\\\/\",\"name\":\"Anja Liesa\",\"description\":\"\",\"publisher\":{\"@id\":\"https:\\\/\\\/anjaliesa.com\\\/de\\\/#\\\/schema\\\/person\\\/84b62af248ed91fb287e5e99bd6e6857\"},\"potentialAction\":[{\"@type\":\"SearchAction\",\"target\":{\"@type\":\"EntryPoint\",\"urlTemplate\":\"https:\\\/\\\/anjaliesa.com\\\/de\\\/?s={search_term_string}\"},\"query-input\":{\"@type\":\"PropertyValueSpecification\",\"valueRequired\":true,\"valueName\":\"search_term_string\"}}],\"inLanguage\":\"de\"},{\"@type\":[\"Person\",\"Organization\"],\"@id\":\"https:\\\/\\\/anjaliesa.com\\\/de\\\/#\\\/schema\\\/person\\\/84b62af248ed91fb287e5e99bd6e6857\",\"name\":\"Anja Liesa\",\"image\":{\"@type\":\"ImageObject\",\"inLanguage\":\"de\",\"@id\":\"https:\\\/\\\/anjaliesa.com\\\/wp-content\\\/uploads\\\/2022\\\/01\\\/category-portfolio-pages-3.jpg\",\"url\":\"https:\\\/\\\/anjaliesa.com\\\/wp-content\\\/uploads\\\/2022\\\/01\\\/category-portfolio-pages-3.jpg\",\"contentUrl\":\"https:\\\/\\\/anjaliesa.com\\\/wp-content\\\/uploads\\\/2022\\\/01\\\/category-portfolio-pages-3.jpg\",\"width\":2300,\"height\":1600,\"caption\":\"Anja Liesa\"},\"logo\":{\"@id\":\"https:\\\/\\\/anjaliesa.com\\\/wp-content\\\/uploads\\\/2022\\\/01\\\/category-portfolio-pages-3.jpg\"},\"description\":\"I am a shoe collector with a genuine passion for all things fashion. I am active on most social media platforms reviewing the latest collections from designer heels brands as well as sharing styling tips for the perfect high heel outfits. My mission is to share my experience buying and wearing designer heels, I hope you find my recommendations useful to select the perfect heels for every occasion. I have a 300+ designer heels collection featuring the most exclusive luxury brands with the likes of Christian Louboutin, Casadei, Giuseppe Zanotti, YSL, Le Silla, Valentino and many more. When I am not busy buying new shoes I enjoy travelling, exploring new cuisines, cities and relaxing holiday retreats.\",\"sameAs\":[\"https:\\\/\\\/anjaliesa.com\",\"https:\\\/\\\/instagram.com\\\/anjaliesa\",\"https:\\\/\\\/www.youtube.com\\\/channel\\\/UCeqqahp3ZToz9mp8pma-ohg\"]}]}<\/script>\n<!-- \/ Yoast SEO plugin. -->","yoast_head_json":{"title":"PARIS TEXAS Dallas Wildleder-Stiefeletten - Anja Liesa","robots":{"index":"index","follow":"follow","max-snippet":"max-snippet:-1","max-image-preview":"max-image-preview:large","max-video-preview":"max-video-preview:-1"},"canonical":"https:\/\/anjaliesa.com\/de\/shop\/paris-texas-dallas-wildleder-stiefeletten\/","og_locale":"de_DE","og_type":"article","og_title":"PARIS TEXAS Dallas Wildleder-Stiefeletten - Anja Liesa","og_description":"Mit diesen trendigen Dallas-Stiefeln von Paris Texas im Western-Stil sind Sie stilvoll unterwegs. Diese Stiefel sind aus luxuri\u00f6sem Wildleder gefertigt und verf\u00fcgen \u00fcber eine elegante, spitze Schuhspitze. Die elastischen Zwickel sorgen f\u00fcr eine bequeme Passform, w\u00e4hrend die robusten kubanischen Abs\u00e4tze f\u00fcr einen Hauch von Flair sorgen. Die Stiefel sind mit einer strapazierf\u00e4higen Innensohle und Sohle aus Leder ausgestattet. Die italienische Handwerkskunst ist in jedem Detail erkennbar. Das Obermaterial ist aus hochwertigem Leder in einem raffinierten Angora-Ton gefertigt. Jedes Paar wird mit sch\u00fctzenden Staubbeuteln geliefert und ist elegant in einer Schachtel verpackt. Die elastischen Seiten des Stiefels erm\u00f6glichen ein einfaches Tragen und einen sicheren Sitz.","og_url":"https:\/\/anjaliesa.com\/de\/shop\/paris-texas-dallas-wildleder-stiefeletten\/","og_site_name":"Anja Liesa","og_image":[{"width":2310,"height":2560,"url":"https:\/\/anjaliesa.com\/wp-content\/uploads\/2023\/12\/product-image-68.jpg","type":"image\/jpeg"}],"twitter_card":"summary_large_image","schema":{"@context":"https:\/\/schema.org","@graph":[{"@type":"WebPage","@id":"https:\/\/anjaliesa.com\/de\/shop\/paris-texas-dallas-wildleder-stiefeletten\/","url":"https:\/\/anjaliesa.com\/de\/shop\/paris-texas-dallas-wildleder-stiefeletten\/","name":"PARIS TEXAS Dallas Wildleder-Stiefeletten - Anja Liesa","isPartOf":{"@id":"https:\/\/anjaliesa.com\/de\/#website"},"primaryImageOfPage":{"@id":"https:\/\/anjaliesa.com\/de\/shop\/paris-texas-dallas-wildleder-stiefeletten\/#primaryimage"},"image":{"@id":"https:\/\/anjaliesa.com\/de\/shop\/paris-texas-dallas-wildleder-stiefeletten\/#primaryimage"},"thumbnailUrl":"https:\/\/anjaliesa.com\/wp-content\/uploads\/2023\/12\/product-image-68.jpg","datePublished":"2023-12-19T13:38:35+00:00","breadcrumb":{"@id":"https:\/\/anjaliesa.com\/de\/shop\/paris-texas-dallas-wildleder-stiefeletten\/#breadcrumb"},"inLanguage":"de","potentialAction":[{"@type":"ReadAction","target":["https:\/\/anjaliesa.com\/de\/shop\/paris-texas-dallas-wildleder-stiefeletten\/"]}]},{"@type":"ImageObject","inLanguage":"de","@id":"https:\/\/anjaliesa.com\/de\/shop\/paris-texas-dallas-wildleder-stiefeletten\/#primaryimage","url":"https:\/\/anjaliesa.com\/wp-content\/uploads\/2023\/12\/product-image-68.jpg","contentUrl":"https:\/\/anjaliesa.com\/wp-content\/uploads\/2023\/12\/product-image-68.jpg","width":2310,"height":2560,"caption":"PARIS TEXAS Dallas Wildleder-Stiefeletten"},{"@type":"BreadcrumbList","@id":"https:\/\/anjaliesa.com\/de\/shop\/paris-texas-dallas-wildleder-stiefeletten\/#breadcrumb","itemListElement":[{"@type":"ListItem","position":1,"name":"Home","item":"https:\/\/anjaliesa.com\/de\/anja-liesa\/"},{"@type":"ListItem","position":2,"name":"Shop","item":"https:\/\/anjaliesa.com\/de\/shop-2\/"},{"@type":"ListItem","position":3,"name":"PARIS TEXAS Dallas Wildleder-Stiefeletten"}]},{"@type":"WebSite","@id":"https:\/\/anjaliesa.com\/de\/#website","url":"https:\/\/anjaliesa.com\/de\/","name":"Anja Liesa","description":"","publisher":{"@id":"https:\/\/anjaliesa.com\/de\/#\/schema\/person\/84b62af248ed91fb287e5e99bd6e6857"},"potentialAction":[{"@type":"SearchAction","target":{"@type":"EntryPoint","urlTemplate":"https:\/\/anjaliesa.com\/de\/?s={search_term_string}"},"query-input":{"@type":"PropertyValueSpecification","valueRequired":true,"valueName":"search_term_string"}}],"inLanguage":"de"},{"@type":["Person","Organization"],"@id":"https:\/\/anjaliesa.com\/de\/#\/schema\/person\/84b62af248ed91fb287e5e99bd6e6857","name":"Anja Liesa","image":{"@type":"ImageObject","inLanguage":"de","@id":"https:\/\/anjaliesa.com\/wp-content\/uploads\/2022\/01\/category-portfolio-pages-3.jpg","url":"https:\/\/anjaliesa.com\/wp-content\/uploads\/2022\/01\/category-portfolio-pages-3.jpg","contentUrl":"https:\/\/anjaliesa.com\/wp-content\/uploads\/2022\/01\/category-portfolio-pages-3.jpg","width":2300,"height":1600,"caption":"Anja Liesa"},"logo":{"@id":"https:\/\/anjaliesa.com\/wp-content\/uploads\/2022\/01\/category-portfolio-pages-3.jpg"},"description":"I am a shoe collector with a genuine passion for all things fashion. I am active on most social media platforms reviewing the latest collections from designer heels brands as well as sharing styling tips for the perfect high heel outfits. My mission is to share my experience buying and wearing designer heels, I hope you find my recommendations useful to select the perfect heels for every occasion. I have a 300+ designer heels collection featuring the most exclusive luxury brands with the likes of Christian Louboutin, Casadei, Giuseppe Zanotti, YSL, Le Silla, Valentino and many more. When I am not busy buying new shoes I enjoy travelling, exploring new cuisines, cities and relaxing holiday retreats.","sameAs":["https:\/\/anjaliesa.com","https:\/\/instagram.com\/anjaliesa","https:\/\/www.youtube.com\/channel\/UCeqqahp3ZToz9mp8pma-ohg"]}]}},"_links":{"self":[{"href":"https:\/\/anjaliesa.com\/de\/wp-json\/wp\/v2\/product\/4332","targetHints":{"allow":["GET"]}}],"collection":[{"href":"https:\/\/anjaliesa.com\/de\/wp-json\/wp\/v2\/product"}],"about":[{"href":"https:\/\/anjaliesa.com\/de\/wp-json\/wp\/v2\/types\/product"}],"wp:featuredmedia":[{"embeddable":true,"href":"https:\/\/anjaliesa.com\/de\/wp-json\/wp\/v2\/media\/4258"}],"wp:attachment":[{"href":"https:\/\/anjaliesa.com\/de\/wp-json\/wp\/v2\/media?parent=4332"}],"wp:term":[{"taxonomy":"product_brand","embeddable":true,"href":"https:\/\/anjaliesa.com\/de\/wp-json\/wp\/v2\/product_brand?post=4332"},{"taxonomy":"product_cat","embeddable":true,"href":"https:\/\/anjaliesa.com\/de\/wp-json\/wp\/v2\/product_cat?post=4332"},{"taxonomy":"product_tag","embeddable":true,"href":"https:\/\/anjaliesa.com\/de\/wp-json\/wp\/v2\/product_tag?post=4332"}],"curies":[{"name":"wp","href":"https:\/\/api.w.org\/{rel}","templated":true}]}}