{"id":4316,"date":"2023-03-23T00:57:18","date_gmt":"2023-03-23T00:57:18","guid":{"rendered":"https:\/\/anjaliesa.com\/affiliate-redaktionelle-offenlegung\/"},"modified":"2023-12-22T15:17:58","modified_gmt":"2023-12-22T15:17:58","slug":"affiliate-redaktionelle-offenlegung","status":"publish","type":"page","link":"https:\/\/anjaliesa.com\/de\/affiliate-redaktionelle-offenlegung\/","title":{"rendered":"Affiliate &amp; redaktionelle Offenlegung"},"content":{"rendered":"<div class=\"fusion-fullwidth fullwidth-box fusion-builder-row-1 fusion-flex-container has-pattern-background has-mask-background nonhundred-percent-fullwidth non-hundred-percent-height-scrolling\" style=\"--awb-border-radius-top-left:0px;--awb-border-radius-top-right:0px;--awb-border-radius-bottom-right:0px;--awb-border-radius-bottom-left:0px;--awb-flex-wrap:wrap;\" ><div class=\"fusion-builder-row fusion-row fusion-flex-align-items-flex-start fusion-flex-content-wrap\" style=\"max-width:1248px;margin-left: calc(-4% \/ 2 );margin-right: calc(-4% \/ 2 );\"><div class=\"fusion-layout-column fusion_builder_column fusion-builder-column-0 fusion_builder_column_1_1 1_1 fusion-flex-column\" style=\"--awb-bg-size:cover;--awb-width-large:100%;--awb-margin-top-large:0px;--awb-spacing-right-large:1.92%;--awb-margin-bottom-large:20px;--awb-spacing-left-large:1.92%;--awb-width-medium:100%;--awb-order-medium:0;--awb-spacing-right-medium:1.92%;--awb-spacing-left-medium:1.92%;--awb-width-small:100%;--awb-order-small:0;--awb-spacing-right-small:1.92%;--awb-spacing-left-small:1.92%;\"><div class=\"fusion-column-wrapper fusion-column-has-shadow fusion-flex-justify-content-flex-start fusion-content-layout-column\"><div class=\"fusion-text fusion-text-1\"><p class=\"has-medium-font-size\">Bitte kontaktieren Sie uns per E-Mail, wenn Sie weitere Informationen \u00fcber unseren Haftungsausschluss w\u00fcnschen.<\/p>\n<h2>Haftungsausschlussrichtlinie f\u00fcr Anjaliesa.com<\/h2>\n<p><span style=\"font-weight: 400;\">Anjaliesa.com<\/span><span style=\"font-weight: 400;\"> ist ein pers\u00f6nlicher Blog, geschrieben und herausgegeben von Anja Liesa.<\/span><\/p>\n<p><span style=\"font-weight: 400;\">Bei Fragen zu diesem Blog, wenden Sie sich bitte an<\/span><span style=\"font-weight: 400;\">: Anja Liesa unter: contact@anjaliesa.com<\/span><\/p>\n<p><b>Offenlegung der Zugeh\u00f6rigkeit<\/b><\/p>\n<p><span style=\"font-weight: 400;\">Die Federal Trade Commission (FTC) hat Richtlinien f\u00fcr Vermerke und Zeugnisse erlassen, um Sie vor irref\u00fchrender Werbung zu sch\u00fctzen, die von einem Unternehmen bezahlt wurde. Da es sich bei Anja Liesa um eine Einnahmequelle handelt und sie gelegentlich Empfehlungen und Zeugnisse abgibt, ist es wichtig, das Folgende offen zu legen:<\/span><\/p>\n<p><span style=\"font-weight: 400;\">Ich unterst\u00fctze und bewerbe nur Produkte, denen ich vertraue und die ich selbst verwende.<\/span><\/p>\n<ul>\n<li style=\"font-weight: 400;\" aria-level=\"1\"><span style=\"font-weight: 400;\">Dieser Blog ist eine Einnahmequelle und kann zur Werbung f\u00fcr Produkte, Dienstleistungen oder andere Unternehmen verwendet werden.<\/span><\/li>\n<li style=\"font-weight: 400;\" aria-level=\"1\"><span style=\"font-weight: 400;\">Ich teile und werbe nur f\u00fcr Produkte\/Dienstleistungen\/Unternehmen, die ich tats\u00e4chlich verwendet habe und von denen ich glaube, dass sie f\u00fcr Sie von Nutzen sein k\u00f6nnten.<\/span><\/li>\n<li style=\"font-weight: 400;\" aria-level=\"1\"><span style=\"font-weight: 400;\">In einigen Beitr\u00e4gen werden Affiliate-Links verwendet, bei denen ich einen kleinen Prozentsatz von jedem Verkauf erhalte. Das ist eine M\u00f6glichkeit, wie ich mit dem Bloggen Geld verdiene. Es entstehen keine zus\u00e4tzlichen Geb\u00fchren oder Kosten f\u00fcr Sie.<\/span><\/li>\n<li style=\"font-weight: 400;\" aria-level=\"1\"><span style=\"font-weight: 400;\">Erw\u00e4hnungen von verwandten Produkten\/Dienstleistungen\/Unternehmen innerhalb des Inhalts meines Blogs k\u00f6nnen, m\u00fcssen aber nicht in jedem Fall als Affiliate gekennzeichnet sein.<\/span><\/li>\n<li style=\"font-weight: 400;\" aria-level=\"1\"><span style=\"font-weight: 400;\">Produkte, die mir f\u00fcr eine Rezension zur Verf\u00fcgung gestellt werden, sind kostenlos. Dies ist jedoch keine Garantie f\u00fcr eine positive Bewertung &#8211; ich rezensiere immer ehrlich und offen. Ich unterst\u00fctze keine Produkte, an die ich nicht glaube, und schreibe auch nicht \u00fcber sie.<\/span><\/li>\n<li style=\"font-weight: 400;\" aria-level=\"1\"><span style=\"font-weight: 400;\">Mein Ziel ist es, mein Fachwissen weiterzugeben und hilfreiche Inhalte bereitzustellen und gleichzeitig einen kleinen Gewinn zu erwirtschaften, um meinen Lebensunterhalt zu sichern.<\/span><\/li>\n<\/ul>\n<p><b>Ich verdiene meinen Lebensunterhalt als Blogger auf folgende Weise:<\/b><\/p>\n<p><b>Anzeigen<\/b><\/p>\n<p><span style=\"font-weight: 400;\">Die Anzeigen, die Sie auf https:\/\/anjaliesa.com sehen, sind Google Adsense-Anzeigen. Diese erscheinen in der Seitenleiste, der Kopfzeile und der Fu\u00dfzeile meines Blogs sowie in den Beitr\u00e4gen auf meiner Website. Es handelt sich um Bilder, die eindeutig wie Werbung aussehen.  <\/span><\/p>\n<p><b>Partner-Links<\/b><\/p>\n<p><span style=\"font-weight: 400;\">Die meisten meiner Beitr\u00e4ge sind Kaufanleitungen. Falls zutreffend, zeige ich Produkte, die ich empfehle, indem ich zu diesen Artikeln auf Partnerseiten verlinke. Ich verdiene einen kleinen Prozentsatz an einem Verkauf, den der Einzelh\u00e4ndler bezahlt, niemals ein Leser.<\/span><\/p>\n<p><b>Amazon-Mitglieder<\/b><\/p>\n<p><i><br \/>\n  <span style=\"font-weight: 400;\">Anja Liesa <\/span><br \/>\n<\/i><span style=\"font-weight: 400;\">ist ein Teilnehmer des <\/span><i><br \/>\n  <span style=\"font-weight: 400;\">Amazon Partnerprogramm<\/span><br \/>\n<\/i><span style=\"font-weight: 400;\">teil, einem Partnerwerbeprogramm, das zur Bereitstellung eines Mediums f\u00fcr Websites konzipiert wurde, mittels dessen durch die Platzierung von Werbeanzeigen und Links zu Amazon.com Werbekostenerstattungen verdient werden k\u00f6nnen (ohne zus\u00e4tzliche Kosten f\u00fcr Sie). <\/span> <\/p>\n<p><b>Gesponserte Beitr\u00e4ge<\/b><\/p>\n<p><span style=\"font-weight: 400;\">Ich werde manchmal daf\u00fcr entsch\u00e4digt, dass ich Meinungen zu Produkten, Dienstleistungen, Websites und verschiedenen anderen Themen \u00e4u\u00dfere. Auch wenn ich manchmal eine Verg\u00fctung f\u00fcr Beitr\u00e4ge oder Werbung erhalte, gebe ich immer meine ehrlichen Meinungen, Erkenntnisse, \u00dcberzeugungen oder Erfahrungen zu diesen Themen oder Produkten wieder. Die in diesem Blog ge\u00e4u\u00dferten Ansichten und Meinungen sind ausschlie\u00dflich meine eigenen. Jede Produktbehauptung, Statistik, jedes Zitat oder jede andere Darstellung eines Produkts oder einer Dienstleistung sollte beim Hersteller, Anbieter oder der betreffenden Partei \u00fcberpr\u00fcft werden.<\/span><\/p>\n<p><b>Offenlegung von Informationen<\/b><\/p>\n<p>Die von (&#8222;wir&#8220;, &#8222;uns&#8220; oder &#8222;unser&#8220;) auf Anja Liesa (die &#8222;Site&#8220;) zur Verf\u00fcgung gestellten Informationen und die Ressourcen, die \u00fcber https:\/\/anjaliesa.com heruntergeladen werden k\u00f6nnen, dienen ausschlie\u00dflich zu Bildungs- und allgemeinen Informationszwecken.<\/p>\n<p>Alle Informationen auf der Website werden nach bestem Wissen und Gewissen zur Verf\u00fcgung gestellt, und es wurden alle zumutbaren Anstrengungen unternommen, um sicherzustellen, dass die bereitgestellten Informationen so genau, vollst\u00e4ndig und fehlerfrei wie m\u00f6glich sind; die Website \u00fcbernimmt jedoch keine Verantwortung f\u00fcr Fehler, Auslassungen oder gegenteilige Interpretationen und gibt keinerlei ausdr\u00fcckliche oder stillschweigende Zusicherungen oder Gew\u00e4hrleistungen in Bezug auf die Genauigkeit, Angemessenheit, Relevanz, G\u00fcltigkeit, Zuverl\u00e4ssigkeit, Verf\u00fcgbarkeit, Aktualit\u00e4t oder Vollst\u00e4ndigkeit der Informationen auf der Website. Unter keinen Umst\u00e4nden haften wir f\u00fcr besondere, direkte, indirekte oder zuf\u00e4llige Verluste oder Sch\u00e4den oder f\u00fcr Sch\u00e4den jeglicher Art, die durch die Nutzung der Website oder das Vertrauen auf die auf der Website bereitgestellten Informationen entstanden sind.<\/p>\n<p>Mit der Nutzung der Website \u00fcbernehmen Sie die volle pers\u00f6nliche Verantwortung f\u00fcr alle Sch\u00e4den, die Sie infolge Ihrer Handlungen, die sich aus der Nutzung der Website oder ihres Inhalts ergeben, erleiden.<\/p>\n<p>Sie verpflichten sich, alle Informationen, die Sie von der Website erhalten haben, nach bestem Wissen und Gewissen zu \u00fcberpr\u00fcfen, bevor Sie irgendwelche Ma\u00dfnahmen ergreifen oder Vorschl\u00e4ge oder Empfehlungen auf der Website umsetzen.<\/p>\n<p>Die Nutzung der Website erfolgt ausschlie\u00dflich auf Ihr eigenes Risiko, und Sie erkl\u00e4ren sich ausdr\u00fccklich damit einverstanden, sich nicht auf die auf der Website enthaltenen Informationen zu verlassen.<\/p>\n<p>Wir behalten uns das Recht vor, den Inhalt der Website jederzeit und ohne vorherige Ank\u00fcndigung zu erg\u00e4nzen, zu l\u00f6schen oder zu \u00e4ndern.<\/p>\n<p>Wir garantieren nicht, dass die Website frei von Viren oder anderen sch\u00e4dlichen Komponenten ist.<\/p>\n<p>Jede vermeintliche Beleidigung bestimmter Personen, V\u00f6lker oder Organisationen ist nicht beabsichtigt.<\/p>\n<p>Alle Produkt-, Website- und Firmennamen, die auf der Website erw\u00e4hnt werden, sind Marken oder urheberrechtlich gesch\u00fctztes Eigentum der jeweiligen Inhaber. Wir sind in keiner Weise mit ihnen verbunden oder assoziiert.<\/p>\n<p>Diese Website wurde in gutem Glauben erstellt, um Inhalte bereitzustellen, die ausschlie\u00dflich zu Informations- und Bildungszwecken dienen. Wir sprechen in unseren Inhalten \u00fcber unsere pers\u00f6nlichen Erfahrungen.<\/p>\n<h3><strong>Haftungsausschluss f\u00fcr externe Links<\/strong><\/h3>\n<p>Die Website kann Links zu externen Websites enthalten, die nicht von uns bereitgestellt oder gepflegt werden oder in irgendeiner Weise mit uns verbunden sind. Die Website \u00fcbernimmt keine Gew\u00e4hr f\u00fcr die Richtigkeit, Angemessenheit, Relevanz, G\u00fcltigkeit, Zuverl\u00e4ssigkeit, Verf\u00fcgbarkeit, Aktualit\u00e4t oder Vollst\u00e4ndigkeit der Informationen auf diesen externen Websites.<\/p>\n<p>Sie nutzen die Informationen, die wir auf anjaliesa.com zur Verf\u00fcgung stellen, auf eigenes Risiko und wir sind nicht verantwortlich f\u00fcr Verluste oder Sch\u00e4den, die im Zusammenhang mit dieser Website entstehen k\u00f6nnen.<\/p>\n<p>Durch die Nutzung unserer Website anjaliesa.com erkl\u00e4ren Sie sich mit unseren Richtlinien einverstanden und stimmen diesem Haftungsausschluss zu.<\/p>\n<p><span style=\"font-weight: 400;\">Diese Ver\u00f6ffentlichung kann ohne vorherige Ank\u00fcndigung ge\u00e4ndert werden und wurde zuletzt am 23\/03\/2023 aktualisiert. Wenn Sie Fragen haben, k\u00f6nnen Sie mich gerne unter contact@anjaliesa.com kontaktieren.<\/span><\/p>\n<p>Zuletzt aktualisiert: 22\/03\/2023<\/p>\n<\/div><\/div><\/div><\/div><\/div>\n","protected":false},"excerpt":{"rendered":"","protected":false},"author":1,"featured_media":0,"parent":0,"menu_order":0,"comment_status":"closed","ping_status":"closed","template":"","meta":{"footnotes":""},"class_list":["post-4316","page","type-page","status-publish","hentry"],"yoast_head":"<!-- This site is optimized with the Yoast SEO plugin v27.4 - https:\/\/yoast.com\/product\/yoast-seo-wordpress\/ -->\n<title>Affiliate &amp; redaktionelle Offenlegung - Anja Liesa<\/title>\n<meta name=\"robots\" content=\"index, follow, max-snippet:-1, max-image-preview:large, max-video-preview:-1\" \/>\n<link rel=\"canonical\" href=\"https:\/\/anjaliesa.com\/de\/affiliate-redaktionelle-offenlegung\/\" \/>\n<meta property=\"og:locale\" content=\"de_DE\" \/>\n<meta property=\"og:type\" content=\"article\" \/>\n<meta property=\"og:title\" content=\"Affiliate &amp; redaktionelle Offenlegung - Anja Liesa\" \/>\n<meta property=\"og:url\" content=\"https:\/\/anjaliesa.com\/de\/affiliate-redaktionelle-offenlegung\/\" \/>\n<meta property=\"og:site_name\" content=\"Anja Liesa\" \/>\n<meta property=\"article:modified_time\" content=\"2023-12-22T15:17:58+00:00\" \/>\n<meta property=\"og:image\" content=\"https:\/\/anjaliesa.com\/wp-content\/uploads\/2022\/01\/category-portfolio-pages.jpg\" \/>\n\t<meta property=\"og:image:width\" content=\"2300\" \/>\n\t<meta property=\"og:image:height\" content=\"1600\" \/>\n\t<meta property=\"og:image:type\" content=\"image\/jpeg\" \/>\n<meta name=\"twitter:card\" content=\"summary_large_image\" \/>\n<meta name=\"twitter:label1\" content=\"Gesch\u00e4tzte Lesezeit\" \/>\n\t<meta name=\"twitter:data1\" content=\"9\u00a0Minuten\" \/>\n<script type=\"application\/ld+json\" class=\"yoast-schema-graph\">{\"@context\":\"https:\\\/\\\/schema.org\",\"@graph\":[{\"@type\":\"WebPage\",\"@id\":\"https:\\\/\\\/anjaliesa.com\\\/de\\\/affiliate-redaktionelle-offenlegung\\\/\",\"url\":\"https:\\\/\\\/anjaliesa.com\\\/de\\\/affiliate-redaktionelle-offenlegung\\\/\",\"name\":\"Affiliate &amp; redaktionelle Offenlegung - Anja Liesa\",\"isPartOf\":{\"@id\":\"https:\\\/\\\/anjaliesa.com\\\/de\\\/#website\"},\"datePublished\":\"2023-03-23T00:57:18+00:00\",\"dateModified\":\"2023-12-22T15:17:58+00:00\",\"breadcrumb\":{\"@id\":\"https:\\\/\\\/anjaliesa.com\\\/de\\\/affiliate-redaktionelle-offenlegung\\\/#breadcrumb\"},\"inLanguage\":\"de\",\"potentialAction\":[{\"@type\":\"ReadAction\",\"target\":[\"https:\\\/\\\/anjaliesa.com\\\/de\\\/affiliate-redaktionelle-offenlegung\\\/\"]}]},{\"@type\":\"BreadcrumbList\",\"@id\":\"https:\\\/\\\/anjaliesa.com\\\/de\\\/affiliate-redaktionelle-offenlegung\\\/#breadcrumb\",\"itemListElement\":[{\"@type\":\"ListItem\",\"position\":1,\"name\":\"Home\",\"item\":\"https:\\\/\\\/anjaliesa.com\\\/de\\\/anja-liesa\\\/\"},{\"@type\":\"ListItem\",\"position\":2,\"name\":\"Affiliate &amp; redaktionelle Offenlegung\"}]},{\"@type\":\"WebSite\",\"@id\":\"https:\\\/\\\/anjaliesa.com\\\/de\\\/#website\",\"url\":\"https:\\\/\\\/anjaliesa.com\\\/de\\\/\",\"name\":\"Anja Liesa\",\"description\":\"\",\"publisher\":{\"@id\":\"https:\\\/\\\/anjaliesa.com\\\/de\\\/#\\\/schema\\\/person\\\/84b62af248ed91fb287e5e99bd6e6857\"},\"potentialAction\":[{\"@type\":\"SearchAction\",\"target\":{\"@type\":\"EntryPoint\",\"urlTemplate\":\"https:\\\/\\\/anjaliesa.com\\\/de\\\/?s={search_term_string}\"},\"query-input\":{\"@type\":\"PropertyValueSpecification\",\"valueRequired\":true,\"valueName\":\"search_term_string\"}}],\"inLanguage\":\"de\"},{\"@type\":[\"Person\",\"Organization\"],\"@id\":\"https:\\\/\\\/anjaliesa.com\\\/de\\\/#\\\/schema\\\/person\\\/84b62af248ed91fb287e5e99bd6e6857\",\"name\":\"Anja Liesa\",\"image\":{\"@type\":\"ImageObject\",\"inLanguage\":\"de\",\"@id\":\"https:\\\/\\\/anjaliesa.com\\\/wp-content\\\/uploads\\\/2022\\\/01\\\/category-portfolio-pages-3.jpg\",\"url\":\"https:\\\/\\\/anjaliesa.com\\\/wp-content\\\/uploads\\\/2022\\\/01\\\/category-portfolio-pages-3.jpg\",\"contentUrl\":\"https:\\\/\\\/anjaliesa.com\\\/wp-content\\\/uploads\\\/2022\\\/01\\\/category-portfolio-pages-3.jpg\",\"width\":2300,\"height\":1600,\"caption\":\"Anja Liesa\"},\"logo\":{\"@id\":\"https:\\\/\\\/anjaliesa.com\\\/wp-content\\\/uploads\\\/2022\\\/01\\\/category-portfolio-pages-3.jpg\"},\"description\":\"I am a shoe collector with a genuine passion for all things fashion. I am active on most social media platforms reviewing the latest collections from designer heels brands as well as sharing styling tips for the perfect high heel outfits. My mission is to share my experience buying and wearing designer heels, I hope you find my recommendations useful to select the perfect heels for every occasion. I have a 300+ designer heels collection featuring the most exclusive luxury brands with the likes of Christian Louboutin, Casadei, Giuseppe Zanotti, YSL, Le Silla, Valentino and many more. When I am not busy buying new shoes I enjoy travelling, exploring new cuisines, cities and relaxing holiday retreats.\",\"sameAs\":[\"https:\\\/\\\/anjaliesa.com\",\"https:\\\/\\\/instagram.com\\\/anjaliesa\",\"https:\\\/\\\/www.youtube.com\\\/channel\\\/UCeqqahp3ZToz9mp8pma-ohg\"]}]}<\/script>\n<!-- \/ Yoast SEO plugin. -->","yoast_head_json":{"title":"Affiliate &amp; redaktionelle Offenlegung - Anja Liesa","robots":{"index":"index","follow":"follow","max-snippet":"max-snippet:-1","max-image-preview":"max-image-preview:large","max-video-preview":"max-video-preview:-1"},"canonical":"https:\/\/anjaliesa.com\/de\/affiliate-redaktionelle-offenlegung\/","og_locale":"de_DE","og_type":"article","og_title":"Affiliate &amp; redaktionelle Offenlegung - Anja Liesa","og_url":"https:\/\/anjaliesa.com\/de\/affiliate-redaktionelle-offenlegung\/","og_site_name":"Anja Liesa","article_modified_time":"2023-12-22T15:17:58+00:00","og_image":[{"width":2300,"height":1600,"url":"https:\/\/anjaliesa.com\/wp-content\/uploads\/2022\/01\/category-portfolio-pages.jpg","type":"image\/jpeg"}],"twitter_card":"summary_large_image","twitter_misc":{"Gesch\u00e4tzte Lesezeit":"9\u00a0Minuten"},"schema":{"@context":"https:\/\/schema.org","@graph":[{"@type":"WebPage","@id":"https:\/\/anjaliesa.com\/de\/affiliate-redaktionelle-offenlegung\/","url":"https:\/\/anjaliesa.com\/de\/affiliate-redaktionelle-offenlegung\/","name":"Affiliate &amp; redaktionelle Offenlegung - Anja Liesa","isPartOf":{"@id":"https:\/\/anjaliesa.com\/de\/#website"},"datePublished":"2023-03-23T00:57:18+00:00","dateModified":"2023-12-22T15:17:58+00:00","breadcrumb":{"@id":"https:\/\/anjaliesa.com\/de\/affiliate-redaktionelle-offenlegung\/#breadcrumb"},"inLanguage":"de","potentialAction":[{"@type":"ReadAction","target":["https:\/\/anjaliesa.com\/de\/affiliate-redaktionelle-offenlegung\/"]}]},{"@type":"BreadcrumbList","@id":"https:\/\/anjaliesa.com\/de\/affiliate-redaktionelle-offenlegung\/#breadcrumb","itemListElement":[{"@type":"ListItem","position":1,"name":"Home","item":"https:\/\/anjaliesa.com\/de\/anja-liesa\/"},{"@type":"ListItem","position":2,"name":"Affiliate &amp; redaktionelle Offenlegung"}]},{"@type":"WebSite","@id":"https:\/\/anjaliesa.com\/de\/#website","url":"https:\/\/anjaliesa.com\/de\/","name":"Anja Liesa","description":"","publisher":{"@id":"https:\/\/anjaliesa.com\/de\/#\/schema\/person\/84b62af248ed91fb287e5e99bd6e6857"},"potentialAction":[{"@type":"SearchAction","target":{"@type":"EntryPoint","urlTemplate":"https:\/\/anjaliesa.com\/de\/?s={search_term_string}"},"query-input":{"@type":"PropertyValueSpecification","valueRequired":true,"valueName":"search_term_string"}}],"inLanguage":"de"},{"@type":["Person","Organization"],"@id":"https:\/\/anjaliesa.com\/de\/#\/schema\/person\/84b62af248ed91fb287e5e99bd6e6857","name":"Anja Liesa","image":{"@type":"ImageObject","inLanguage":"de","@id":"https:\/\/anjaliesa.com\/wp-content\/uploads\/2022\/01\/category-portfolio-pages-3.jpg","url":"https:\/\/anjaliesa.com\/wp-content\/uploads\/2022\/01\/category-portfolio-pages-3.jpg","contentUrl":"https:\/\/anjaliesa.com\/wp-content\/uploads\/2022\/01\/category-portfolio-pages-3.jpg","width":2300,"height":1600,"caption":"Anja Liesa"},"logo":{"@id":"https:\/\/anjaliesa.com\/wp-content\/uploads\/2022\/01\/category-portfolio-pages-3.jpg"},"description":"I am a shoe collector with a genuine passion for all things fashion. I am active on most social media platforms reviewing the latest collections from designer heels brands as well as sharing styling tips for the perfect high heel outfits. My mission is to share my experience buying and wearing designer heels, I hope you find my recommendations useful to select the perfect heels for every occasion. I have a 300+ designer heels collection featuring the most exclusive luxury brands with the likes of Christian Louboutin, Casadei, Giuseppe Zanotti, YSL, Le Silla, Valentino and many more. When I am not busy buying new shoes I enjoy travelling, exploring new cuisines, cities and relaxing holiday retreats.","sameAs":["https:\/\/anjaliesa.com","https:\/\/instagram.com\/anjaliesa","https:\/\/www.youtube.com\/channel\/UCeqqahp3ZToz9mp8pma-ohg"]}]}},"_links":{"self":[{"href":"https:\/\/anjaliesa.com\/de\/wp-json\/wp\/v2\/pages\/4316","targetHints":{"allow":["GET"]}}],"collection":[{"href":"https:\/\/anjaliesa.com\/de\/wp-json\/wp\/v2\/pages"}],"about":[{"href":"https:\/\/anjaliesa.com\/de\/wp-json\/wp\/v2\/types\/page"}],"author":[{"embeddable":true,"href":"https:\/\/anjaliesa.com\/de\/wp-json\/wp\/v2\/users\/1"}],"replies":[{"embeddable":true,"href":"https:\/\/anjaliesa.com\/de\/wp-json\/wp\/v2\/comments?post=4316"}],"version-history":[{"count":9,"href":"https:\/\/anjaliesa.com\/de\/wp-json\/wp\/v2\/pages\/4316\/revisions"}],"predecessor-version":[{"id":4329,"href":"https:\/\/anjaliesa.com\/de\/wp-json\/wp\/v2\/pages\/4316\/revisions\/4329"}],"wp:attachment":[{"href":"https:\/\/anjaliesa.com\/de\/wp-json\/wp\/v2\/media?parent=4316"}],"curies":[{"name":"wp","href":"https:\/\/api.w.org\/{rel}","templated":true}]}}