{"id":4242,"date":"2022-02-01T00:24:11","date_gmt":"2022-02-01T00:24:11","guid":{"rendered":"https:\/\/anjaliesa.com\/cookie-richtlinie\/"},"modified":"2023-12-18T10:07:06","modified_gmt":"2023-12-18T10:07:06","slug":"cookie-richtlinie","status":"publish","type":"page","link":"https:\/\/anjaliesa.com\/de\/cookie-richtlinie\/","title":{"rendered":"Cookie-Richtlinie"},"content":{"rendered":"<div class=\"cli_pg_page_contaner\">\n<h3>Anjaliesa.com Cookie-Richtlinie<\/h3>\n<div>\n<p>In dieser Cookie-Richtlinie wird erkl\u00e4rt, was Cookies sind und wie wir sie verwenden, welche Arten von Cookies wir verwenden, welche Informationen wir mit Hilfe von Cookies sammeln und wie diese Informationen verwendet werden, und wie Sie die Cookie-Einstellungen kontrollieren k\u00f6nnen. Weitere Informationen dar\u00fcber, wie wir Ihre pers\u00f6nlichen Daten verwenden, speichern und sicher aufbewahren, finden Sie in unserer Datenschutzrichtlinie.<\/p>\n<p>Sie k\u00f6nnen Ihre Zustimmung jederzeit in der Cookie-Erkl\u00e4rung auf unserer Website \u00e4ndern oder widerrufen<br \/>\nIn unseren Datenschutzbestimmungen erfahren Sie mehr dar\u00fcber, wer wir sind, wie Sie uns kontaktieren k\u00f6nnen und wie wir personenbezogene Daten verarbeiten.<br \/>\nIhre Zustimmung gilt f\u00fcr folgende Domains: anjaliesa.com<br \/>\n<div class=\"cli_user_consent_state\">Dein aktueller Status: Keine Einwilligung erteilt. <a class=\"cli_manage_current_consent\" style=\"cursor:pointer;text-decoration:underline;\">Verwalte deine Einwilligung<\/a> <\/div><\/p>\n<\/div>\n<h3>Was sind Cookies?<\/h3>\n<div>Cookies sind kleine Textdateien, die dazu dienen, kleine Informationen zu speichern. Sie werden auf Ihrem Ger\u00e4t gespeichert, wenn die Website in Ihrem Browser geladen wird. Diese Cookies helfen uns, die Website ordnungsgem\u00e4\u00df zu betreiben, sie sicherer zu machen, die Benutzerfreundlichkeit zu verbessern und zu verstehen, wie die Website funktioniert und zu analysieren, was funktioniert und wo sie verbessert werden muss.<\/div>\n<h3>Wie verwenden wir Cookies?<\/h3>\n<div>\n<p>Wie die meisten Online-Dienste verwendet auch unsere Website Erstanbieter- und Drittanbieter-Cookies f\u00fcr verschiedene Zwecke. Erstanbieter-Cookies sind in den meisten F\u00e4llen notwendig, damit die Website ordnungsgem\u00e4\u00df funktioniert, und sie erfassen keine personenbezogenen Daten von Ihnen.<\/p>\n<p>Die auf unserer Website verwendeten Cookies von Drittanbietern dienen haupts\u00e4chlich dazu, zu verstehen, wie die Website funktioniert, wie Sie mit unserer Website interagieren, unsere Dienste sicher zu halten, f\u00fcr Sie relevante Werbung bereitzustellen und Ihnen insgesamt eine bessere und verbesserte Benutzererfahrung zu bieten und Ihre zuk\u00fcnftigen Interaktionen mit unserer Website zu beschleunigen.<\/p>\n<\/div>\n<h3>Welche Arten von Cookies verwenden wir?<\/h3>\n<div>\n<p>Unverzichtbar: Einige Cookies sind unerl\u00e4sslich, damit Sie die volle Funktionalit\u00e4t unserer Website nutzen k\u00f6nnen. Sie erm\u00f6glichen es uns, Benutzersitzungen aufrechtzuerhalten und Sicherheitsbedrohungen zu verhindern. Sie sammeln und speichern keine pers\u00f6nlichen Daten. Diese Cookies erm\u00f6glichen es Ihnen zum Beispiel, sich in Ihr Konto einzuloggen, Produkte in Ihren Warenkorb zu legen und sicher zur Kasse zu gehen.<\/p>\n<p>Statistik: Diese Cookies speichern Informationen wie die Anzahl der Besucher der Website, die Anzahl der Einzelbesucher, welche Seiten der Website besucht wurden, die Quelle des Besuchs usw. Diese Daten helfen uns zu verstehen und zu analysieren, wie gut die Website funktioniert und wo sie verbessert werden muss.<\/p>\n<p>Marketing: Auf unserer Website wird Werbung angezeigt. Diese Cookies werden verwendet, um die Werbung, die wir Ihnen zeigen, so zu personalisieren, dass sie f\u00fcr Sie sinnvoll ist. Diese Cookies helfen uns auch, die Effizienz dieser Werbekampagnen zu verfolgen.<br \/>\nDie in diesen Cookies gespeicherten Informationen k\u00f6nnen auch von Drittanbietern verwendet werden, um Ihnen Werbung auf anderen Websites im Browser anzuzeigen.<\/p>\n<p>Funktional: Dies sind die Cookies, die bestimmte nicht wesentliche Funktionen auf unserer Website unterst\u00fctzen. Zu diesen Funktionen geh\u00f6ren das Einbetten von Inhalten wie Videos oder das Teilen von Inhalten der Website auf Social-Media-Plattformen.<\/p>\n<p>Vorlieben: Diese Cookies helfen uns, Ihre Einstellungen und Browsing-Pr\u00e4ferenzen, wie z. B. die bevorzugte Sprache, zu speichern, damit Sie bei zuk\u00fcnftigen Besuchen der Website eine bessere und effizientere Erfahrung machen k\u00f6nnen.<br \/>\n<\/p>\n<\/div>\n<h3>Wie kann ich die Cookie-Einstellungen kontrollieren?<\/h3>\n<div>\n<p>Wenn Sie Ihre Einstellungen sp\u00e4ter \u00e4ndern m\u00f6chten, k\u00f6nnen Sie auf die Registerkarte &#8222;Datenschutz und Cookie-Richtlinie&#8220; auf Ihrem Bildschirm klicken. Dadurch wird der Hinweis auf die Einwilligung erneut angezeigt, so dass Sie Ihre Pr\u00e4ferenzen \u00e4ndern oder Ihre Einwilligung vollst\u00e4ndig widerrufen k\u00f6nnen.<\/p>\n<p>Dar\u00fcber hinaus bieten die verschiedenen Browser unterschiedliche Methoden zum Blockieren und L\u00f6schen von Cookies, die von Websites verwendet werden. Sie k\u00f6nnen die Einstellungen Ihres Browsers \u00e4ndern, um die Cookies zu blockieren\/l\u00f6schen. Weitere Informationen \u00fcber die Verwaltung und L\u00f6schung von Cookies finden Sie unter wikipedia.org, www.allaboutcookies.org.<\/p>\n<\/div>\n<\/div>\n","protected":false},"excerpt":{"rendered":"<p>Anjaliesa.com Cookie-Richtlinie In dieser Cookie-Richtlinie wird erkl\u00e4rt, was Cookies sind und wie wir sie verwenden, welche Arten von Cookies wir verwenden, welche Informationen wir mit Hilfe von Cookies sammeln und wie diese Informationen verwendet werden, und wie Sie die Cookie-Einstellungen kontrollieren k\u00f6nnen. Weitere Informationen dar\u00fcber, wie wir Ihre pers\u00f6nlichen Daten  [&#8230;]<\/p>\n","protected":false},"author":1,"featured_media":0,"parent":0,"menu_order":0,"comment_status":"closed","ping_status":"closed","template":"","meta":{"footnotes":""},"class_list":["post-4242","page","type-page","status-publish","hentry"],"yoast_head":"<!-- This site is optimized with the Yoast SEO plugin v27.3 - https:\/\/yoast.com\/product\/yoast-seo-wordpress\/ -->\n<title>Cookie-Richtlinie - Anja Liesa<\/title>\n<meta name=\"robots\" content=\"index, follow, max-snippet:-1, max-image-preview:large, max-video-preview:-1\" \/>\n<link rel=\"canonical\" href=\"https:\/\/anjaliesa.com\/de\/cookie-richtlinie\/\" \/>\n<meta property=\"og:locale\" content=\"de_DE\" \/>\n<meta property=\"og:type\" content=\"article\" \/>\n<meta property=\"og:title\" content=\"Cookie-Richtlinie - Anja Liesa\" \/>\n<meta property=\"og:description\" content=\"Anjaliesa.com Cookie-Richtlinie In dieser Cookie-Richtlinie wird erkl\u00e4rt, was Cookies sind und wie wir sie verwenden, welche Arten von Cookies wir verwenden, welche Informationen wir mit Hilfe von Cookies sammeln und wie diese Informationen verwendet werden, und wie Sie die Cookie-Einstellungen kontrollieren k\u00f6nnen. Weitere Informationen dar\u00fcber, wie wir Ihre pers\u00f6nlichen Daten [...]\" \/>\n<meta property=\"og:url\" content=\"https:\/\/anjaliesa.com\/de\/cookie-richtlinie\/\" \/>\n<meta property=\"og:site_name\" content=\"Anja Liesa\" \/>\n<meta property=\"article:modified_time\" content=\"2023-12-18T10:07:06+00:00\" \/>\n<meta property=\"og:image\" content=\"https:\/\/anjaliesa.com\/wp-content\/uploads\/2022\/01\/category-portfolio-pages.jpg\" \/>\n\t<meta property=\"og:image:width\" content=\"2300\" \/>\n\t<meta property=\"og:image:height\" content=\"1600\" \/>\n\t<meta property=\"og:image:type\" content=\"image\/jpeg\" \/>\n<meta name=\"twitter:card\" content=\"summary_large_image\" \/>\n<meta name=\"twitter:label1\" content=\"Gesch\u00e4tzte Lesezeit\" \/>\n\t<meta name=\"twitter:data1\" content=\"3\u00a0Minuten\" \/>\n<script type=\"application\/ld+json\" class=\"yoast-schema-graph\">{\"@context\":\"https:\\\/\\\/schema.org\",\"@graph\":[{\"@type\":\"WebPage\",\"@id\":\"https:\\\/\\\/anjaliesa.com\\\/de\\\/cookie-richtlinie\\\/\",\"url\":\"https:\\\/\\\/anjaliesa.com\\\/de\\\/cookie-richtlinie\\\/\",\"name\":\"Cookie-Richtlinie - Anja Liesa\",\"isPartOf\":{\"@id\":\"https:\\\/\\\/anjaliesa.com\\\/de\\\/#website\"},\"datePublished\":\"2022-02-01T00:24:11+00:00\",\"dateModified\":\"2023-12-18T10:07:06+00:00\",\"breadcrumb\":{\"@id\":\"https:\\\/\\\/anjaliesa.com\\\/de\\\/cookie-richtlinie\\\/#breadcrumb\"},\"inLanguage\":\"de\",\"potentialAction\":[{\"@type\":\"ReadAction\",\"target\":[\"https:\\\/\\\/anjaliesa.com\\\/de\\\/cookie-richtlinie\\\/\"]}]},{\"@type\":\"BreadcrumbList\",\"@id\":\"https:\\\/\\\/anjaliesa.com\\\/de\\\/cookie-richtlinie\\\/#breadcrumb\",\"itemListElement\":[{\"@type\":\"ListItem\",\"position\":1,\"name\":\"Home\",\"item\":\"https:\\\/\\\/anjaliesa.com\\\/de\\\/anja-liesa\\\/\"},{\"@type\":\"ListItem\",\"position\":2,\"name\":\"Cookie-Richtlinie\"}]},{\"@type\":\"WebSite\",\"@id\":\"https:\\\/\\\/anjaliesa.com\\\/de\\\/#website\",\"url\":\"https:\\\/\\\/anjaliesa.com\\\/de\\\/\",\"name\":\"Anja Liesa\",\"description\":\"\",\"publisher\":{\"@id\":\"https:\\\/\\\/anjaliesa.com\\\/de\\\/#\\\/schema\\\/person\\\/84b62af248ed91fb287e5e99bd6e6857\"},\"potentialAction\":[{\"@type\":\"SearchAction\",\"target\":{\"@type\":\"EntryPoint\",\"urlTemplate\":\"https:\\\/\\\/anjaliesa.com\\\/de\\\/?s={search_term_string}\"},\"query-input\":{\"@type\":\"PropertyValueSpecification\",\"valueRequired\":true,\"valueName\":\"search_term_string\"}}],\"inLanguage\":\"de\"},{\"@type\":[\"Person\",\"Organization\"],\"@id\":\"https:\\\/\\\/anjaliesa.com\\\/de\\\/#\\\/schema\\\/person\\\/84b62af248ed91fb287e5e99bd6e6857\",\"name\":\"Anja Liesa\",\"image\":{\"@type\":\"ImageObject\",\"inLanguage\":\"de\",\"@id\":\"https:\\\/\\\/anjaliesa.com\\\/wp-content\\\/uploads\\\/2022\\\/01\\\/category-portfolio-pages-3.jpg\",\"url\":\"https:\\\/\\\/anjaliesa.com\\\/wp-content\\\/uploads\\\/2022\\\/01\\\/category-portfolio-pages-3.jpg\",\"contentUrl\":\"https:\\\/\\\/anjaliesa.com\\\/wp-content\\\/uploads\\\/2022\\\/01\\\/category-portfolio-pages-3.jpg\",\"width\":2300,\"height\":1600,\"caption\":\"Anja Liesa\"},\"logo\":{\"@id\":\"https:\\\/\\\/anjaliesa.com\\\/wp-content\\\/uploads\\\/2022\\\/01\\\/category-portfolio-pages-3.jpg\"},\"description\":\"I am a shoe collector with a genuine passion for all things fashion. I am active on most social media platforms reviewing the latest collections from designer heels brands as well as sharing styling tips for the perfect high heel outfits. My mission is to share my experience buying and wearing designer heels, I hope you find my recommendations useful to select the perfect heels for every occasion. I have a 300+ designer heels collection featuring the most exclusive luxury brands with the likes of Christian Louboutin, Casadei, Giuseppe Zanotti, YSL, Le Silla, Valentino and many more. When I am not busy buying new shoes I enjoy travelling, exploring new cuisines, cities and relaxing holiday retreats.\",\"sameAs\":[\"https:\\\/\\\/anjaliesa.com\",\"https:\\\/\\\/instagram.com\\\/anjaliesa\",\"https:\\\/\\\/www.youtube.com\\\/channel\\\/UCeqqahp3ZToz9mp8pma-ohg\"]}]}<\/script>\n<!-- \/ Yoast SEO plugin. -->","yoast_head_json":{"title":"Cookie-Richtlinie - Anja Liesa","robots":{"index":"index","follow":"follow","max-snippet":"max-snippet:-1","max-image-preview":"max-image-preview:large","max-video-preview":"max-video-preview:-1"},"canonical":"https:\/\/anjaliesa.com\/de\/cookie-richtlinie\/","og_locale":"de_DE","og_type":"article","og_title":"Cookie-Richtlinie - Anja Liesa","og_description":"Anjaliesa.com Cookie-Richtlinie In dieser Cookie-Richtlinie wird erkl\u00e4rt, was Cookies sind und wie wir sie verwenden, welche Arten von Cookies wir verwenden, welche Informationen wir mit Hilfe von Cookies sammeln und wie diese Informationen verwendet werden, und wie Sie die Cookie-Einstellungen kontrollieren k\u00f6nnen. Weitere Informationen dar\u00fcber, wie wir Ihre pers\u00f6nlichen Daten [...]","og_url":"https:\/\/anjaliesa.com\/de\/cookie-richtlinie\/","og_site_name":"Anja Liesa","article_modified_time":"2023-12-18T10:07:06+00:00","og_image":[{"width":2300,"height":1600,"url":"https:\/\/anjaliesa.com\/wp-content\/uploads\/2022\/01\/category-portfolio-pages.jpg","type":"image\/jpeg"}],"twitter_card":"summary_large_image","twitter_misc":{"Gesch\u00e4tzte Lesezeit":"3\u00a0Minuten"},"schema":{"@context":"https:\/\/schema.org","@graph":[{"@type":"WebPage","@id":"https:\/\/anjaliesa.com\/de\/cookie-richtlinie\/","url":"https:\/\/anjaliesa.com\/de\/cookie-richtlinie\/","name":"Cookie-Richtlinie - Anja Liesa","isPartOf":{"@id":"https:\/\/anjaliesa.com\/de\/#website"},"datePublished":"2022-02-01T00:24:11+00:00","dateModified":"2023-12-18T10:07:06+00:00","breadcrumb":{"@id":"https:\/\/anjaliesa.com\/de\/cookie-richtlinie\/#breadcrumb"},"inLanguage":"de","potentialAction":[{"@type":"ReadAction","target":["https:\/\/anjaliesa.com\/de\/cookie-richtlinie\/"]}]},{"@type":"BreadcrumbList","@id":"https:\/\/anjaliesa.com\/de\/cookie-richtlinie\/#breadcrumb","itemListElement":[{"@type":"ListItem","position":1,"name":"Home","item":"https:\/\/anjaliesa.com\/de\/anja-liesa\/"},{"@type":"ListItem","position":2,"name":"Cookie-Richtlinie"}]},{"@type":"WebSite","@id":"https:\/\/anjaliesa.com\/de\/#website","url":"https:\/\/anjaliesa.com\/de\/","name":"Anja Liesa","description":"","publisher":{"@id":"https:\/\/anjaliesa.com\/de\/#\/schema\/person\/84b62af248ed91fb287e5e99bd6e6857"},"potentialAction":[{"@type":"SearchAction","target":{"@type":"EntryPoint","urlTemplate":"https:\/\/anjaliesa.com\/de\/?s={search_term_string}"},"query-input":{"@type":"PropertyValueSpecification","valueRequired":true,"valueName":"search_term_string"}}],"inLanguage":"de"},{"@type":["Person","Organization"],"@id":"https:\/\/anjaliesa.com\/de\/#\/schema\/person\/84b62af248ed91fb287e5e99bd6e6857","name":"Anja Liesa","image":{"@type":"ImageObject","inLanguage":"de","@id":"https:\/\/anjaliesa.com\/wp-content\/uploads\/2022\/01\/category-portfolio-pages-3.jpg","url":"https:\/\/anjaliesa.com\/wp-content\/uploads\/2022\/01\/category-portfolio-pages-3.jpg","contentUrl":"https:\/\/anjaliesa.com\/wp-content\/uploads\/2022\/01\/category-portfolio-pages-3.jpg","width":2300,"height":1600,"caption":"Anja Liesa"},"logo":{"@id":"https:\/\/anjaliesa.com\/wp-content\/uploads\/2022\/01\/category-portfolio-pages-3.jpg"},"description":"I am a shoe collector with a genuine passion for all things fashion. I am active on most social media platforms reviewing the latest collections from designer heels brands as well as sharing styling tips for the perfect high heel outfits. My mission is to share my experience buying and wearing designer heels, I hope you find my recommendations useful to select the perfect heels for every occasion. I have a 300+ designer heels collection featuring the most exclusive luxury brands with the likes of Christian Louboutin, Casadei, Giuseppe Zanotti, YSL, Le Silla, Valentino and many more. When I am not busy buying new shoes I enjoy travelling, exploring new cuisines, cities and relaxing holiday retreats.","sameAs":["https:\/\/anjaliesa.com","https:\/\/instagram.com\/anjaliesa","https:\/\/www.youtube.com\/channel\/UCeqqahp3ZToz9mp8pma-ohg"]}]}},"_links":{"self":[{"href":"https:\/\/anjaliesa.com\/de\/wp-json\/wp\/v2\/pages\/4242","targetHints":{"allow":["GET"]}}],"collection":[{"href":"https:\/\/anjaliesa.com\/de\/wp-json\/wp\/v2\/pages"}],"about":[{"href":"https:\/\/anjaliesa.com\/de\/wp-json\/wp\/v2\/types\/page"}],"author":[{"embeddable":true,"href":"https:\/\/anjaliesa.com\/de\/wp-json\/wp\/v2\/users\/1"}],"replies":[{"embeddable":true,"href":"https:\/\/anjaliesa.com\/de\/wp-json\/wp\/v2\/comments?post=4242"}],"version-history":[{"count":1,"href":"https:\/\/anjaliesa.com\/de\/wp-json\/wp\/v2\/pages\/4242\/revisions"}],"predecessor-version":[{"id":4243,"href":"https:\/\/anjaliesa.com\/de\/wp-json\/wp\/v2\/pages\/4242\/revisions\/4243"}],"wp:attachment":[{"href":"https:\/\/anjaliesa.com\/de\/wp-json\/wp\/v2\/media?parent=4242"}],"curies":[{"name":"wp","href":"https:\/\/api.w.org\/{rel}","templated":true}]}}